{"id":16,"date":"2022-05-31T20:28:04","date_gmt":"2022-06-01T01:28:04","guid":{"rendered":"https:\/\/centromedicoabc.com\/manual-del-paciente\/?page_id=16"},"modified":"2024-09-13T12:56:13","modified_gmt":"2024-09-13T18:56:13","slug":"servicios-medicos","status":"publish","type":"page","link":"https:\/\/centromedicoabc.com\/manual-del-paciente\/servicios-medicos\/","title":{"rendered":"Servicios M\u00e9dicos"},"content":{"rendered":"<p>[vc_section disable_element=\u00bbyes\u00bb el_id=\u00bbcontenedor-breadcrumb-y-titulo\u00bb][vc_row][vc_column]<div class=\"container mt-md-3 mt-lg-0 breadcrumb-y-titulo module_breadcum_titulo\"> <nav aria-label=\"breadcrumb\">  <ol class=\"breadcrumb\">   <li class=\"breadcrumb-item\"><a href=\"#\">Inicio<\/a><\/li>    <li class=\"breadcrumb-item active\" aria-current=\"page\">Servicios M\u00e9dicos    <\/li>   <\/ol>  <\/nav><div class=\"row no-gutters\"> <div class=\"col-12 text-center text-md-left\">  <h2>Servicios M\u00e9dicos<\/h2> <\/div><\/div><\/div>[\/vc_column][\/vc_row][\/vc_section][vc_section el_id=\u00bbcontenedor-banner\u00bb][vc_row][vc_column]<div class=\"row no-gutters banner w-100 module_banner\">    <div class=\"col-12 position-relative\">         <div class=\"contenedor-breadcum-titulo\">            <nav aria-label=\"breadcrumb\">                 <ol class=\"breadcrumb\">                    <li class=\"breadcrumb-item\">                        <a href=\"https:\/\/centromedicoabc.com\/manual-del-paciente\/\">Inicio<\/a>                    <\/li>                    <li class=\"breadcrumb-item active\" aria-current=\"page\">                        Servicios M\u00e9dicos                    <\/li>                <\/ol>            <\/nav>            <h1>Servicios M\u00e9dicos<\/h1>        <\/div>        <img decoding=\"async\" class=\"img-fluid w-100\" src=\"https:\/\/centromedicoabc.com\/manual-del-paciente\/wp-content\/uploads\/2022\/06\/banner-crop-seccion-servicios-medicos.jpg\">    <\/div><\/div>[\/vc_column][\/vc_row][\/vc_section][vc_section el_id=\u00bbcontenido\u00bb el_class=\u00bbcontainer main-content\u00bb][vc_row el_id=\u00bbmenu-mobil\u00bb][vc_column]<div class=\"col-12 side-content-mobile px-2 mb-5\"> <div class=\"row no-gutters w-100\">  <div class=\"col\">   <button class=\"btn-content collapsed\" type=\"button\" data-toggle=\"collapse\" data-target=\"#collapseExample\" aria-expanded=\"false\" aria-controls=\"collapseExample\">\u00cdndice       <div class=\"sig-menu\">       <div class=\"plus\">       <\/div>       <div class=\"minus\">       <\/div>      <\/span>   <\/button><div class=\"collapse\" id=\"collapseExample\"> <div class=\"card card-body content\"><div class=\"row no-gutters\"><div class=\"col-12\"><\/p>\n<ul>\n<li><a href=\"#centros\">Centros de alta especialidad<\/a><\/li>\n<li><a href=\"#servicios\">Servicios<\/a><\/li>\n<\/ul>\n<p><\/div><\/div> <\/div><\/div><\/div><div class=\"col-auto position-relative\"><button class=\"btn-share\"><img decoding=\"async\" src=\"https:\/\/centromedicoabc.com\/manual-del-paciente\/wp-content\/uploads\/2022\/07\/share.svg\" style=\"height: 23px;\"><\/button><div class=\"content-share-movil d-none position-absolute\"> <div class=\"row no-gutters justify-content-between\">     <div class=\"col-auto\">         <a class=\"compartir\" href=\"https:\/\/api.whatsapp.com\/send?text=https:\/\/centromedicoabc.com\/manual-del-paciente\/servicios-medicos\/\" target=\"_blank\"><img loading=\"lazy\" decoding=\"async\" width=\"24\" height=\"24\" src=\"https:\/\/centromedicoabc.com\/manual-del-paciente\/wp-content\/uploads\/2022\/07\/Whatsapp.svg\"><\/a>     <\/div>     <div class=\"col-auto\">         <a class=\"compartir\" href=\"https:\/\/www.facebook.com\/sharer\/sharer.php?u=https:\/\/centromedicoabc.com\/manual-del-paciente\/servicios-medicos\/\" target=\"_blank\"><img loading=\"lazy\" decoding=\"async\" width=\"24\" height=\"24\" src=\"https:\/\/centromedicoabc.com\/manual-del-paciente\/wp-content\/uploads\/2022\/07\/Facebook.svg\"><\/a>     <\/div>     <div class=\"col-auto\">         <a class=\"compartir\" href=\"https:\/\/twitter.com\/intent\/tweet?url=https:\/\/centromedicoabc.com\/manual-del-paciente\/servicios-medicos\/\" target=\"_blank\"><img loading=\"lazy\" decoding=\"async\" width=\"24\" height=\"24\" src=\"https:\/\/centromedicoabc.com\/manual-del-paciente\/wp-content\/uploads\/2022\/07\/Twitter.svg\"><\/a>     <\/div>     <div class=\"col-auto\">         <a class=\"compartir\" href=\"https:\/\/www.linkedin.com\/shareArticle?mini=true&url=https:\/\/centromedicoabc.com\/manual-del-paciente\/servicios-medicos\/\" target=\"_blank\"><img loading=\"lazy\" decoding=\"async\" width=\"24\" height=\"24\" src=\"https:\/\/centromedicoabc.com\/manual-del-paciente\/wp-content\/uploads\/2022\/07\/linkedin.svg\"><\/a>     <\/div> <\/div><\/div><\/div><\/div><\/div>[\/vc_column][\/vc_row][vc_row el_id=\u00bbmain-content\u00bb el_class=\u00bbmain\u00bb][vc_column el_class=\u00bbcontent pr-lg-5&#8243; el_id=\u00bbcontent\u00bb offset=\u00bbvc_col-lg-9 vc_col-md-9 vc_col-xs-12&#8243;]<div class=\"row no-gutters module_titulo_bloque\"> <div class=\"col-12\">  <h3 id=\"centros\">Centros de alta especialidad<span><\/span><\/h3> <\/div><\/div>[vc_column_text el_class=\u00bbmb-4&#8243;]El Centro M\u00e9dico ABC, en los Campus Observatorio y Santa Fe ofrece los siguientes Centros de alta especialidad y servicios:[\/vc_column_text]<div class=\"row no-gutters mb-5 module_imagen_derecha li-bottom\">  <div class=\"col-12 col-md d-flex flex-column justify-content-between\"><\/p>\n<p style=\"display: none;\">UNSET<\/p>\n<ul>\n<li>Centro Cardiovascular<\/li>\n<li>Centro de C\u00e1ncer<\/li>\n<li>Centro de la mujer<\/li>\n<li>Centro de Nutrici\u00f3n &amp; Obesidad<\/li>\n<li>Centro de Ortopedia y Traumatolog\u00eda<\/li>\n<li>Centro de Pediatr\u00eda<\/li>\n<li>Centro de Trasplantes<\/li>\n<li>Centro de Cirug\u00eda<\/li>\n<li>Centro Neurol\u00f3gico<\/li>\n<li>Medicina F\u00edsica y Rehabilitaci\u00f3n<\/li>\n<li>Fisiolog\u00eda Pulmonar e Inhaloterapia<\/li>\n<li>Cl\u00ednica de Neurofisiolog\u00eda<\/li>\n<li>Medicina interna<\/li>\n<li>Centro Pedi\u00e1trico del Coraz\u00f3n<\/li>\n<li>Medicina Preventiva<\/li>\n<li>Laboratorio Cl\u00ednico<\/li>\n<li>Radioterapia para Tratamiento de C\u00e1ncer<\/li>\n<li>Cirug\u00eda de m\u00ednima invasi\u00f3n<\/li>\n<\/ul>\n<p>  <\/div>  <div class=\"col-12 col-lg-7 mt-4 mt-lg-0 pl-lg-4\">    <img decoding=\"async\" class=\"img-fluid\" src=\"https:\/\/centromedicoabc.com\/manual-del-paciente\/wp-content\/uploads\/2022\/06\/img-centros.jpg\">  <\/div><\/div><div class=\"module_image_izquierda\">  <div class=\"row no-gutters\">      <div class=\"col-12 col-lg-5 ml-auto pl-lg-5\">        <h3 id=\"servicios\">Servicios<span><\/span><\/h3>      <\/div>  <\/div>  <div class=\"row no-gutters mb-5 flex-column-reverse flex-lg-row\">    <div class=\"col-12 col-lg-7 mt-4 mt-lg-0 pr-lg-4\">      <img decoding=\"async\" class=\"img-fluid\" src=\"https:\/\/centromedicoabc.com\/manual-del-paciente\/wp-content\/uploads\/2022\/06\/img-servicios.jpg\">    <\/div>    <div class=\"col-12 col-lg d-flex flex-column justify-content-between pl-lg-5 li-bottom\"><\/p>\n<ul>\n<li>Check ups<\/li>\n<li>Laboratorio Cl\u00ednico<\/li>\n<li>Estudios de Laboratorio Cl\u00ednico<\/li>\n<li>Radiolog\u00eda e Imagen Molecular<\/li>\n<li>Cl\u00ednica del viajero<\/li>\n<li>Vacunaci\u00f3n para adultos<\/li>\n<li>Medicasa<\/li>\n<li>Salud Dental<\/li>\n<li>Banco de sangre<\/li>\n<li>Torre de Consultorios M\u00e9dicos<\/li>\n<li>Unidad de Cirug\u00eda Ambulatoria<\/li>\n<li>Unidad de Endoscopia Avanzada<\/li>\n<li>Urgencias las 24 horas<\/li>\n<li>Urgencias Respiratorias<\/li>\n<\/ul>\n<p>    <\/div>  <\/div><\/div>  \n\t\t<div id=\"bner-donacion\">\n      <div class=\"row\">\n        <div class=\"col-md-6\">\n          <div class=\"img-fondo-movil d-md-none\">\n            <img decoding=\"async\" alt=\"Donacion de sangre\" src=\"\/manual-del-paciente\/wp-content\/uploads\/2022\/07\/b-donacion-movil.png\" class=\"img-fluid\"><\/div>\n\n            <div class=\"content-description-banner\">\n              <img decoding=\"async\" class=\"icon-bner\" src=\"\/manual-del-paciente\/wp-content\/uploads\/2022\/07\/donadores-icon.svg\">\n              <h3 class=\" tit-banner font-weight-bold\">Donadores <br> de Sangre del ABC<\/h3>\n              <p class=\" un-subtitulo mb-1\">\n                Informes banco de sangre\n              <\/p>\n              <p class=\"tel-centro\">\n                <b>Campus Observatorio<\/b> <br>\n\t\t\t\t<a href=\"tel:5552308000\">55 5230 8000<\/a> ext. 8920<br>\n              <\/p>\n\t\t\t  <p class=\"tel-centro1\">\n              <\/p>\n              <p class=\"tel-centro\">\n                <b>Campus Santa Fe<\/b> <br>\n\t\t\t\t<a href=\"tel:5511031600\">55 1103 1600<\/a> exts. 1830 y 1831\n              <\/p>\n              <a class=\"dona-sangre btn-leer mt-3 w-50\" style=\"font-size: 14px;\" href=\"https:\/\/centromedicoabc.com\/banco-de-sangre\/\">M\u00e1s informaci\u00f3n<\/a>\n            <\/div>\n          <\/div>\n          <div class=\"col-md-6 pl-0\">\n\t\t         <div class=\"img-fondo-banner d-none d-md-block\"><\/div>\n          <\/div>\n        <\/div>\n      <\/div>\n[\/vc_column][vc_column width=\u00bb1\/12&#8243; el_id=\u00bbsidebar\u00bb el_class=\u00bbsidebar\u00bb offset=\u00bbvc_col-lg-3 vc_col-md-3 vc_hidden-sm vc_hidden-xs\u00bb]<div class=\"pl-4 side-content module_menu_nota\"> <p class=\"titulo\">\u00cdndice<\/p> <div class=\"contenido_menu_nota\"><\/p>\n<ul>\n<li><a href=\"#centros\">Centros de alta especialidad<\/a><\/li>\n<li><a href=\"#servicios\">Servicios<\/a><\/li>\n<\/ul>\n<p> <\/div><\/div><div class=\"pl-4 side-content module_redes_sociales \"> <p class=\"titulo\">Compartir<\/p> <div class=\"row no-gutters justify-content-between\"> <div class=\"col-auto\">   <a class=\"compartir\" href=\"https:\/\/api.whatsapp.com\/send?text=https:\/\/centromedicoabc.com\/manual-del-paciente\/servicios-medicos\/\" target=\"_blank\"><img decoding=\"async\" alt=\"Compartir Whatsapp\" title=\"Compartir Whatsapp\" src=\"https:\/\/centromedicoabc.com\/manual-del-paciente\/wp-content\/uploads\/2022\/06\/whatsapp-share.png\"><\/a>  <\/div> <div class=\"col-auto\">   <a class=\"compartir\" href=\"https:\/\/www.facebook.com\/sharer\/sharer.php?u=https:\/\/centromedicoabc.com\/manual-del-paciente\/servicios-medicos\/\" target=\"_blank\"><img decoding=\"async\" alt=\"Compartir Facebook\" title=\"Compartir Facebook\" src=\"https:\/\/centromedicoabc.com\/manual-del-paciente\/wp-content\/uploads\/2022\/06\/facebook-share.png\"><\/a>  <\/div> <div class=\"col-auto\">   <a class=\"compartir\" href=\"https:\/\/twitter.com\/intent\/tweet?url=https:\/\/centromedicoabc.com\/manual-del-paciente\/servicios-medicos\/\" target=\"_blank\"><img decoding=\"async\" alt=\"Compartir Twitter\" title=\"Compartir Twitter\" src=\"https:\/\/centromedicoabc.com\/manual-del-paciente\/wp-content\/uploads\/2022\/06\/twitter-share.png\"><\/a>  <\/div> <div class=\"col-auto\">   <a class=\"compartir\" href=\"https:\/\/www.linkedin.com\/shareArticle?mini=true&url=https:\/\/centromedicoabc.com\/manual-del-paciente\/servicios-medicos\/\" target=\"_blank\"><img decoding=\"async\" alt=\"Compartir Linkedin\" title=\"Compartir Linkedin\" src=\"https:\/\/centromedicoabc.com\/manual-del-paciente\/wp-content\/uploads\/2022\/06\/linkedin-share.png\"><\/a>  <\/div><\/div>[\/vc_column][\/vc_row][\/vc_section][vc_row el_id=\u00bbauxiliar-margen-bottom-1&#8243; el_class=\u00bbmb-5&#8243;][vc_column][\/vc_column][\/vc_row][vc_row el_id=\u00bbauxiliar-margen-bottom-2&#8243; el_class=\u00bbmb-2&#8243;][vc_column][\/vc_column][\/vc_row]<\/p>\n","protected":false},"excerpt":{"rendered":"<p>[vc_section disable_element=\u00bbyes\u00bb el_id=\u00bbcontenedor-breadcrumb-y-titulo\u00bb][vc_row][vc_column][\/vc_column][\/vc_row][\/vc_section][vc_section el_id=\u00bbcontenedor-banner\u00bb][vc_row][vc_column][\/vc_column][\/vc_row][\/vc_section][vc_section el_id=\u00bbcontenido\u00bb el_class=\u00bbcontainer main-content\u00bb][vc_row el_id=\u00bbmenu-mobil\u00bb][vc_column][\/vc_column][\/vc_row][vc_row el_id=\u00bbmain-content\u00bb el_class=\u00bbmain\u00bb][vc_column el_class=\u00bbcontent pr-lg-5&#8243; el_id=\u00bbcontent\u00bb offset=\u00bbvc_col-lg-9 vc_col-md-9 vc_col-xs-12&#8243;][vc_column_text el_class=\u00bbmb-4&#8243;]El Centro M\u00e9dico ABC, en los Campus Observatorio y Santa Fe ofrece los siguientes Centros de alta especialidad y servicios:[\/vc_column_text][\/vc_column][vc_column width=\u00bb1\/12&#8243; el_id=\u00bbsidebar\u00bb el_class=\u00bbsidebar\u00bb offset=\u00bbvc_col-lg-3 vc_col-md-3 vc_hidden-sm vc_hidden-xs\u00bb][\/vc_column][\/vc_row][\/vc_section][vc_row el_id=\u00bbauxiliar-margen-bottom-1&#8243; el_class=\u00bbmb-5&#8243;][vc_column][\/vc_column][\/vc_row][vc_row el_id=\u00bbauxiliar-margen-bottom-2&#8243; el_class=\u00bbmb-2&#8243;][vc_column][\/vc_column][\/vc_row]<\/p>\n","protected":false},"author":2,"featured_media":0,"parent":0,"menu_order":0,"comment_status":"closed","ping_status":"closed","template":"","meta":{"footnotes":""},"class_list":["post-16","page","type-page","status-publish","hentry"],"yoast_head":"<!-- This site is optimized with the Yoast SEO plugin v26.9 - https:\/\/yoast.com\/product\/yoast-seo-wordpress\/ -->\n<title>Servicios M\u00e9dicos - Centro M\u00e9dico ABC<\/title>\n<meta name=\"description\" content=\"Conoce los servicios m\u00e9dicos del Centro M\u00e9dico ABC y accede a atenci\u00f3n integral y personalizada para cada etapa de tu tratamiento y recuperaci\u00f3n\" \/>\n<meta name=\"robots\" content=\"index, follow, max-snippet:-1, max-image-preview:large, max-video-preview:-1\" \/>\n<link rel=\"canonical\" href=\"https:\/\/centromedicoabc.com\/manual-del-paciente\/servicios-medicos\/\" \/>\n<meta property=\"og:locale\" content=\"es_ES\" \/>\n<meta property=\"og:type\" content=\"article\" \/>\n<meta property=\"og:title\" content=\"Servicios M\u00e9dicos - Centro M\u00e9dico ABC\" \/>\n<meta property=\"og:description\" content=\"Conoce los servicios m\u00e9dicos del Centro M\u00e9dico ABC y accede a atenci\u00f3n integral y personalizada para cada etapa de tu tratamiento y recuperaci\u00f3n\" \/>\n<meta property=\"og:url\" content=\"https:\/\/centromedicoabc.com\/manual-del-paciente\/servicios-medicos\/\" \/>\n<meta property=\"og:site_name\" content=\"Centro M\u00e9dico ABC\" \/>\n<meta property=\"article:modified_time\" content=\"2024-09-13T18:56:13+00:00\" \/>\n<meta name=\"twitter:card\" content=\"summary_large_image\" \/>\n<meta name=\"twitter:label1\" content=\"Tiempo de lectura\" \/>\n\t<meta name=\"twitter:data1\" content=\"2 minutos\" \/>\n<script type=\"application\/ld+json\" class=\"yoast-schema-graph\">{\"@context\":\"https:\/\/schema.org\",\"@graph\":[{\"@type\":\"WebPage\",\"@id\":\"https:\/\/centromedicoabc.com\/manual-del-paciente\/servicios-medicos\/\",\"url\":\"https:\/\/centromedicoabc.com\/manual-del-paciente\/servicios-medicos\/\",\"name\":\"Servicios M\u00e9dicos - Centro M\u00e9dico ABC\",\"isPartOf\":{\"@id\":\"https:\/\/centromedicoabc.com\/manual-del-paciente\/#website\"},\"datePublished\":\"2022-06-01T01:28:04+00:00\",\"dateModified\":\"2024-09-13T18:56:13+00:00\",\"description\":\"Conoce los servicios m\u00e9dicos del Centro M\u00e9dico ABC y accede a atenci\u00f3n integral y personalizada para cada etapa de tu tratamiento y recuperaci\u00f3n\",\"breadcrumb\":{\"@id\":\"https:\/\/centromedicoabc.com\/manual-del-paciente\/servicios-medicos\/#breadcrumb\"},\"inLanguage\":\"es\",\"potentialAction\":[{\"@type\":\"ReadAction\",\"target\":[\"https:\/\/centromedicoabc.com\/manual-del-paciente\/servicios-medicos\/\"]}]},{\"@type\":\"BreadcrumbList\",\"@id\":\"https:\/\/centromedicoabc.com\/manual-del-paciente\/servicios-medicos\/#breadcrumb\",\"itemListElement\":[{\"@type\":\"ListItem\",\"position\":1,\"name\":\"Inicio\",\"item\":\"https:\/\/centromedicoabc.com\/manual-del-paciente\/\"},{\"@type\":\"ListItem\",\"position\":2,\"name\":\"Servicios M\u00e9dicos\"}]},{\"@type\":\"WebSite\",\"@id\":\"https:\/\/centromedicoabc.com\/manual-del-paciente\/#website\",\"url\":\"https:\/\/centromedicoabc.com\/manual-del-paciente\/\",\"name\":\"Centro M\u00e9dico ABC\",\"description\":\"Centro M\u00e9dico ABC\",\"potentialAction\":[{\"@type\":\"SearchAction\",\"target\":{\"@type\":\"EntryPoint\",\"urlTemplate\":\"https:\/\/centromedicoabc.com\/manual-del-paciente\/?s={search_term_string}\"},\"query-input\":{\"@type\":\"PropertyValueSpecification\",\"valueRequired\":true,\"valueName\":\"search_term_string\"}}],\"inLanguage\":\"es\"}]}<\/script>\n<!-- \/ Yoast SEO plugin. -->","yoast_head_json":{"title":"Servicios M\u00e9dicos - Centro M\u00e9dico ABC","description":"Conoce los servicios m\u00e9dicos del Centro M\u00e9dico ABC y accede a atenci\u00f3n integral y personalizada para cada etapa de tu tratamiento y recuperaci\u00f3n","robots":{"index":"index","follow":"follow","max-snippet":"max-snippet:-1","max-image-preview":"max-image-preview:large","max-video-preview":"max-video-preview:-1"},"canonical":"https:\/\/centromedicoabc.com\/manual-del-paciente\/servicios-medicos\/","og_locale":"es_ES","og_type":"article","og_title":"Servicios M\u00e9dicos - Centro M\u00e9dico ABC","og_description":"Conoce los servicios m\u00e9dicos del Centro M\u00e9dico ABC y accede a atenci\u00f3n integral y personalizada para cada etapa de tu tratamiento y recuperaci\u00f3n","og_url":"https:\/\/centromedicoabc.com\/manual-del-paciente\/servicios-medicos\/","og_site_name":"Centro M\u00e9dico ABC","article_modified_time":"2024-09-13T18:56:13+00:00","twitter_card":"summary_large_image","twitter_misc":{"Tiempo de lectura":"2 minutos"},"schema":{"@context":"https:\/\/schema.org","@graph":[{"@type":"WebPage","@id":"https:\/\/centromedicoabc.com\/manual-del-paciente\/servicios-medicos\/","url":"https:\/\/centromedicoabc.com\/manual-del-paciente\/servicios-medicos\/","name":"Servicios M\u00e9dicos - Centro M\u00e9dico ABC","isPartOf":{"@id":"https:\/\/centromedicoabc.com\/manual-del-paciente\/#website"},"datePublished":"2022-06-01T01:28:04+00:00","dateModified":"2024-09-13T18:56:13+00:00","description":"Conoce los servicios m\u00e9dicos del Centro M\u00e9dico ABC y accede a atenci\u00f3n integral y personalizada para cada etapa de tu tratamiento y recuperaci\u00f3n","breadcrumb":{"@id":"https:\/\/centromedicoabc.com\/manual-del-paciente\/servicios-medicos\/#breadcrumb"},"inLanguage":"es","potentialAction":[{"@type":"ReadAction","target":["https:\/\/centromedicoabc.com\/manual-del-paciente\/servicios-medicos\/"]}]},{"@type":"BreadcrumbList","@id":"https:\/\/centromedicoabc.com\/manual-del-paciente\/servicios-medicos\/#breadcrumb","itemListElement":[{"@type":"ListItem","position":1,"name":"Inicio","item":"https:\/\/centromedicoabc.com\/manual-del-paciente\/"},{"@type":"ListItem","position":2,"name":"Servicios M\u00e9dicos"}]},{"@type":"WebSite","@id":"https:\/\/centromedicoabc.com\/manual-del-paciente\/#website","url":"https:\/\/centromedicoabc.com\/manual-del-paciente\/","name":"Centro M\u00e9dico ABC","description":"Centro M\u00e9dico ABC","potentialAction":[{"@type":"SearchAction","target":{"@type":"EntryPoint","urlTemplate":"https:\/\/centromedicoabc.com\/manual-del-paciente\/?s={search_term_string}"},"query-input":{"@type":"PropertyValueSpecification","valueRequired":true,"valueName":"search_term_string"}}],"inLanguage":"es"}]}},"_links":{"self":[{"href":"https:\/\/centromedicoabc.com\/manual-del-paciente\/wp-json\/wp\/v2\/pages\/16","targetHints":{"allow":["GET"]}}],"collection":[{"href":"https:\/\/centromedicoabc.com\/manual-del-paciente\/wp-json\/wp\/v2\/pages"}],"about":[{"href":"https:\/\/centromedicoabc.com\/manual-del-paciente\/wp-json\/wp\/v2\/types\/page"}],"author":[{"embeddable":true,"href":"https:\/\/centromedicoabc.com\/manual-del-paciente\/wp-json\/wp\/v2\/users\/2"}],"replies":[{"embeddable":true,"href":"https:\/\/centromedicoabc.com\/manual-del-paciente\/wp-json\/wp\/v2\/comments?post=16"}],"version-history":[{"count":11,"href":"https:\/\/centromedicoabc.com\/manual-del-paciente\/wp-json\/wp\/v2\/pages\/16\/revisions"}],"predecessor-version":[{"id":358,"href":"https:\/\/centromedicoabc.com\/manual-del-paciente\/wp-json\/wp\/v2\/pages\/16\/revisions\/358"}],"wp:attachment":[{"href":"https:\/\/centromedicoabc.com\/manual-del-paciente\/wp-json\/wp\/v2\/media?parent=16"}],"curies":[{"name":"wp","href":"https:\/\/api.w.org\/{rel}","templated":true}]}}