{"id":375,"date":"2022-06-17T16:15:04","date_gmt":"2022-06-17T21:15:04","guid":{"rendered":"https:\/\/centromedicoabc.com\/manual-del-paciente\/?page_id=375"},"modified":"2024-07-17T17:41:19","modified_gmt":"2024-07-17T23:41:19","slug":"home-rs","status":"publish","type":"page","link":"https:\/\/centromedicoabc.com\/manual-del-paciente\/","title":{"rendered":"Inicio"},"content":{"rendered":"<p>[vc_section full_width=\u00bbstretch_row_content\u00bb][vc_row full_width=\u00bbstretch_row_content\u00bb el_class=\u00bbd-none\u00bb][vc_column][vc_column_text]<\/p>\n<h1>Manual del paciente<\/h1>\n<p>[\/vc_column_text][\/vc_column][\/vc_row][vc_row full_width=\u00bbstretch_row_content\u00bb full_height=\u00bbyes\u00bb el_class=\u00bbno-margin\u00bb][vc_column][vc_column_text el_class=\u00bbd-block d-md-none mb-0&#8243;]<div class='white' style='background:rgba(0,0,0,0); border:solid 0px rgba(0,0,0,0); border-radius:0px; padding:0px 0px 0px 0px;'>\n<div id='slider_home_movil' class='owl-carousel sa_owl_theme autohide-arrows' data-slider-id='slider_home_movil' style='visibility:hidden;'>\n<div id='slider_home_movil_slide01' class='sa_hover_container' style='padding:0% 0%; margin:0px 0%; '><div class=\"slider-m\">\r\n<div class=\"conte-info\">\r\n<h2>Seguro de Gastos M\u00e9dicos Mayores<\/h2>\r\n<p class=\"my-3\">Es importante que t\u00fa y tu entorno familiar conozcan la siguiente informaci\u00f3n, para agilizar el tr\u00e1mite de la cobertura de tu Seguro de Gastos M\u00e9dicos Mayores.<\/p>\r\n<a class=\"btn btn-bner\" href=\"\/manual-del-paciente\/seguro-de-gastos-medicos-mayores\/\">Conocer m\u00e1s<\/a><\/div>\r\n<div class=\"bg-sli1\">\u00a0<\/div>\r\n<\/div><\/div>\n<div id='slider_home_movil_slide02' class='sa_hover_container' style='padding:0% 0%; margin:0px 0%; '><div class=\"slider-m\">\r\n<div class=\"conte-info\">\r\n<h2>Servicios en la habitaci\u00f3n<\/h2>\r\n<p class=\"my-3\">El Centro M\u00e9dico ofrece los siguientes servicios:<\/p>\r\n<ul style=\"height: auto !important\">\r\n<li style=\"height: auto !important\">Acceso a Internet gratuito para pacientes, familiares y visitantes.<\/li>\r\n<li style=\"height: auto !important\">Televisi\u00f3n con acceso gratuito a canales locales y de paga.<\/li>\r\n<\/ul>\r\n<p class=\"my-3\"><a class=\"btn btn-bner\" href=\"\/manual-del-paciente\/servicios-en-la-habitacion\/#acceso\">Conocer m\u00e1s<\/a><\/p>\r\n<\/div>\r\n<div class=\"bg-sli2\">\u00a0<\/div>\r\n<\/div><\/div>\n<div id='slider_home_movil_slide03' class='sa_hover_container' style='padding:0% 0%; margin:0px 0%; '><div class=\"slider-m\">\r\n<div class=\"conte-info\">\r\n<h2>Donadores de sangre<\/h2>\r\n<p><strong>Donar sangre es uno de los actos m\u00e1s nobles que puede realizar un ser humano. Invitamos a gente extraordinaria, como tu, a que formes parte de nuestro Club de<\/strong> donadores de sangre.<\/p>\r\n<p class=\"my-3\">Informes Banco de Sangre del ABC:<\/p>\r\n<p><b>Campus Observatorio<\/b> <a style=\"color: #fff\" href=\"tel:5552308000\">55 5230 8000<\/a> ext.8920<\/p>\r\n<p><b>Campus Santa Fe<\/b> <a style=\"color: #fff\" href=\"tel:5511031600\">55 1103 1600<\/a> exts. 1830 y 1831<\/p>\r\n<p class=\"my-3\">Dona sangre de manera altruista y contribuye a salvar la vida de otra persona que la necesita.<\/p>\r\n<p class=\"my-3\"><a class=\"btn btn-bner\" href=\"https:\/\/centromedicoabc.com\/banco-de-sangre\/\" target=\"_blank\" rel=\"noopener\">Conocer m\u00e1s<\/a><\/p>\r\n<\/div>\r\n<div class=\"bg-sli3\">\u00a0<\/div>\r\n<\/div><\/div>\n<div id='slider_home_movil_slide04' class='sa_hover_container' style='padding:0% 0%; margin:0px 0%; '><div class=\"slider-m\">\r\n<div class=\"conte-info\">\r\n<h2>Autoadministraci\u00f3n de Medicamentos<\/h2>\r\n<p class=\"mt-3\">Es muy importante para el Centro M\u00e9dico ABC que, durante tu evaluaci\u00f3n y entrevista, informes de los medicamentos que normalmente tomas y la hora a la que los tomas.<\/p>\r\n<p class=\"my-3\">Tu m\u00e9dico tratante verificar\u00e1 la necesidad de continuar o suspender algunos de ellos durante tu hospitalizaci\u00f3n.<\/p>\r\n<a class=\"btn btn-bner\" href=\"\/manual-del-paciente\/seguridad-del-paciente\/#medicamentos\">Conocer m\u00e1s<\/a><\/div>\r\n<div class=\"bg-sli4\">\u00a0<\/div>\r\n<\/div><\/div>\n<\/div>\n<\/div>\n<script type='text\/javascript'>\n\tdocument.addEventListener('DOMContentLoaded', function() {\n\t\tjQuery('#slider_home_movil').owlCarousel({\n\t\t\titems : 1,\n\t\t\tanimateOut : 'fadeOut',\n\t\t\tsmartSpeed : 300,\n\t\t\tautoplay : false,\n\t\t\tautoplayHoverPause : false,\n\t\t\tsmartSpeed : 300,\n\t\t\tfluidSpeed : 300,\n\t\t\tautoplaySpeed : 300,\n\t\t\tnavSpeed : 300,\n\t\t\tdotsSpeed : 300,\n\t\t\tloop : true,\n\t\t\tnav : false,\n\t\t\tnavText : ['Previous','Next'],\n\t\t\tdots : false,\n\t\t\tresponsiveRefreshRate : 200,\n\t\t\tslideBy : 1,\n\t\t\tmergeFit : true,\n\t\t\tautoHeight : false,\n\t\t\tstageElement : 'ul',\n\t\t\titemElement : 'li',\n\t\t\tmouseDrag : true,\n\t\t\ttouchDrag : true\n\t\t});\n\t\tjQuery('#slider_home_movil').css('visibility', 'visible');\n\t\tsa_resize_slider_home_movil();\n\t\twindow.addEventListener('resize', sa_resize_slider_home_movil);\n\t\tfunction sa_resize_slider_home_movil() {\n\t\t\tvar min_height = 'aspect169';\n\t\t\tvar win_width = jQuery(window).width();\n\t\t\tvar slider_width = jQuery('#slider_home_movil').width();\n\t\t\tif (win_width < 480) {\n\t\t\t\tvar slide_width = slider_width \/ 1;\n\t\t\t} else if (win_width < 768) {\n\t\t\t\tvar slide_width = slider_width \/ 1;\n\t\t\t} else if (win_width < 980) {\n\t\t\t\tvar slide_width = slider_width \/ 1;\n\t\t\t} else if (win_width < 1200) {\n\t\t\t\tvar slide_width = slider_width \/ 1;\n\t\t\t} else if (win_width < 1500) {\n\t\t\t\tvar slide_width = slider_width \/ 1;\n\t\t\t} else {\n\t\t\t\tvar slide_width = slider_width \/ 1;\n\t\t\t}\n\t\t\tslide_width = Math.round(slide_width);\n\t\t\tvar slide_height = '0';\n\t\t\tif (min_height == 'aspect43') {\n\t\t\t\tslide_height = (slide_width \/ 4) * 3;\t\t\t\tslide_height = Math.round(slide_height);\n\t\t\t} else if (min_height == 'aspect169') {\n\t\t\t\tslide_height = (slide_width \/ 16) * 9;\t\t\t\tslide_height = Math.round(slide_height);\n\t\t\t} else {\n\t\t\t\tslide_height = (slide_width \/ 100) * min_height;\t\t\t\tslide_height = Math.round(slide_height);\n\t\t\t}\n\t\t\tjQuery('#slider_home_movil .owl-item .sa_hover_container').css('min-height', slide_height+'px');\n\t\t}\n\t\tvar owl_goto = jQuery('#slider_home_movil');\n\t\tjQuery('.slider_home_movil_goto1').click(function(event){\n\t\t\towl_goto.trigger('to.owl.carousel', 0);\n\t\t});\n\t\tjQuery('.slider_home_movil_goto2').click(function(event){\n\t\t\towl_goto.trigger('to.owl.carousel', 1);\n\t\t});\n\t\tjQuery('.slider_home_movil_goto3').click(function(event){\n\t\t\towl_goto.trigger('to.owl.carousel', 2);\n\t\t});\n\t\tjQuery('.slider_home_movil_goto4').click(function(event){\n\t\t\towl_goto.trigger('to.owl.carousel', 3);\n\t\t});\n\t\tvar resize_484 = jQuery('.owl-carousel');\n\t\tresize_484.on('initialized.owl.carousel', function(e) {\n\t\t\tif (typeof(Event) === 'function') {\n\t\t\t\twindow.dispatchEvent(new Event('resize'));\n\t\t\t} else {\n\t\t\t\tvar evt = window.document.createEvent('UIEvents');\n\t\t\t\tevt.initUIEvent('resize', true, false, window, 0);\n\t\t\t\twindow.dispatchEvent(evt);\n\t\t\t}\n\t\t});\n\t});\n<\/script>\n[\/vc_column_text][vc_column_text el_class=\u00bbmb-0 d-none d-md-block\u00bb]<div class='white' style='background:rgba(0,0,0,0); border:solid 0px rgba(0,0,0,0); border-radius:0px; padding:0px 0px 0px 0px;'>\n<div id='slider_home' class='owl-carousel sa_owl_theme autohide-arrows' data-slider-id='slider_home' style='visibility:hidden;'>\n<div id='slider_home_slide01' class='sa_hover_container' style='padding:0% 0%; margin:0px 0%; background-image:url(&quot;https:\/\/centromedicoabc.com\/manual-del-paciente\/wp-content\/uploads\/2022\/06\/3.jpg&quot;); background-position:center center; background-size:cover; background-repeat:no-repeat; '><div class=\"content-slide\">\r\n<div class=\"row\">\r\n<div class=\"col-12\"><img decoding=\"async\" src=\"https:\/\/centromedicoabc.com\/manual-del-paciente\/wp-content\/uploads\/2022\/06\/logo-abc-blanco.svg\" title=\"Centro M\u00e9dico ABC\" alt=\"Centro M\u00e9dico ABC\" loading=\"lazy\" \/>\r\n<\/div>\r\n<div class=\"col-12\">\r\n<h2>Seguro de Gastos M\u00e9dicos Mayores<\/h2>\r\n<\/div>\r\n<div class=\"col-12\">\r\n<p>Es importante que t\u00fa y tu entorno familiar conozcan la siguiente informaci\u00f3n, para agilizar el tr\u00e1mite de la cobertura de tu Seguro de Gastos M\u00e9dicos Mayores.<\/p>\r\n<\/div>\r\n<div class=\"col-12\"><a class=\"btn btn-primary\" href=\"\/manual-del-paciente\/seguro-de-gastos-medicos-mayores\/\">Conocer m\u00e1s<\/a><\/div>\r\n<\/div>\r\n<\/div><\/div>\n<div id='slider_home_slide02' class='sa_hover_container' style='padding:0% 0%; margin:0px 0%; background-image:url(&quot;https:\/\/centromedicoabc.com\/manual-del-paciente\/wp-content\/uploads\/2022\/06\/1.jpg&quot;); background-position:center center; background-size:cover; background-repeat:no-repeat; '><div class=\"content-slide\">\r\n<div class=\"row\">\r\n<div class=\"col-12\"><img decoding=\"async\" src=\"https:\/\/centromedicoabc.com\/manual-del-paciente\/wp-content\/uploads\/2022\/06\/logo-abc-blanco.svg\" title=\"Centro M\u00e9dico ABC\" alt=\"Centro M\u00e9dico ABC\" loading=\"lazy\" \/>\r\n<\/div>\r\n<div class=\"col-12\">\r\n<h2>Servicios en la habitaci\u00f3n<\/h2>\r\n<\/div>\r\n<div class=\"col-12\">\r\n<p>El Centro M\u00e9dico ofrece los siguientes servicios:<\/p>\r\n<ul style=\"height: auto !important\">\r\n<li style=\"height: auto !important\">Acceso a Internet gratuito para pacientes, familiares y visitantes.<\/li>\r\n<li style=\"height: auto !important\">Televisi\u00f3n con acceso gratuito a canales locales y de paga.<\/li>\r\n<\/ul>\r\n<\/div>\r\n<div class=\"col-12 mt-3\"><a class=\"btn btn-primary\" href=\"\/manual-del-paciente\/servicios-en-la-habitacion\/#acceso\">Conocer m\u00e1s<\/a><\/div>\r\n<\/div>\r\n<\/div><\/div>\n<div id='slider_home_slide03' class='sa_hover_container' style='padding:0% 0%; margin:0px 0%; background-image:url(&quot;https:\/\/centromedicoabc.com\/manual-del-paciente\/wp-content\/uploads\/2022\/06\/4.jpg&quot;); background-position:center center; background-size:cover; background-repeat:no-repeat; '><div class=\"content-slide\">\r\n<div class=\"row\">\r\n<div class=\"col-12\"><img decoding=\"async\" src=\"https:\/\/centromedicoabc.com\/manual-del-paciente\/wp-content\/uploads\/2022\/06\/logo-abc-blanco.svg\" title=\"Centro M\u00e9dico ABC\" alt=\"Centro M\u00e9dico ABC\" loading=\"lazy\" \/>\r\n<\/div>\r\n<div class=\"col-12\">\r\n<h2>Donadores de sangre<\/h2>\r\n<\/div>\r\n<div class=\"col-12\">\r\n<p>Donar sangre es uno de los actos m\u00e1s nobles que puede realizar un ser humano. Invitamos a gente extraordinaria, como tu, a que formes parte de nuestro Club de donadores de sangre. <br \/><br \/><span class=\"d-none d-md-block\"> Informes: <br \/>Campus Observatorio <a style=\"color: #fff\" href=\"tel:5552308000\">55 5230 8000<\/a> ext.8920 <br \/>Campus Santa Fe <a style=\"color: #fff\" href=\"tel:5511031600\">55 1103 1600<\/a> exts. 1830 y 1831 <br \/><br \/>Dona sangre de manera altruista y contribuye a salvar la vida de otra persona que la necesita.<\/span><\/p>\r\n<\/div>\r\n<div class=\"col-12\"><a class=\"btn btn-primary\" href=\"https:\/\/centromedicoabc.com\/banco-de-sangre\/\" target=\"_blank\" rel=\"noopener\">Conocer m\u00e1s<\/a><\/div>\r\n<\/div>\r\n<\/div><\/div>\n<div id='slider_home_slide04' class='sa_hover_container' style='padding:0% 0%; margin:0px 0%; background-image:url(&quot;https:\/\/centromedicoabc.com\/manual-del-paciente\/wp-content\/uploads\/2022\/08\/no-te-automediques.png&quot;); background-position:left top; background-size:contain; background-repeat:no-repeat; '><div class=\"content-slide\">\r\n<div class=\"row\">\r\n<div class=\"col-12\"><img decoding=\"async\" src=\"https:\/\/centromedicoabc.com\/manual-del-paciente\/wp-content\/uploads\/2022\/06\/logo-abc-blanco.svg\" title=\"Centro M\u00e9dico ABC\" alt=\"Centro M\u00e9dico ABC\" loading=\"lazy\" \/>\r\n<\/div>\r\n<div class=\"col-12\">\r\n<h2>Autoadministraci\u00f3n de Medicamentos<\/h2>\r\n<\/div>\r\n<div class=\"col-12\">\r\n<p>Es muy importante para el Centro M\u00e9dico ABC que, durante tu evaluaci\u00f3n y entrevista, informes de los medicamentos que normalmente tomas y la hora a la que los tomas.<\/p>\r\n<p>Tu m\u00e9dico tratante verificar\u00e1 la necesidad de continuar o suspender algunos de ellos durante tu hospitalizaci\u00f3n.<\/p>\r\n<\/div>\r\n<div class=\"col-12\"><a class=\"btn btn-primary\" href=\"\/manual-del-paciente\/seguridad-del-paciente\/#medicamentos\">Conocer m\u00e1s<\/a><\/div>\r\n<\/div>\r\n<\/div><\/div>\n<\/div>\n<\/div>\n<script type='text\/javascript'>\n\tdocument.addEventListener('DOMContentLoaded', function() {\n\t\tjQuery('#slider_home').owlCarousel({\n\t\t\titems : 1,\n\t\t\tanimateOut : 'fadeOut',\n\t\t\tsmartSpeed : 300,\n\t\t\tautoplay : false,\n\t\t\tautoplayHoverPause : false,\n\t\t\tsmartSpeed : 300,\n\t\t\tfluidSpeed : 300,\n\t\t\tautoplaySpeed : 300,\n\t\t\tnavSpeed : 300,\n\t\t\tdotsSpeed : 300,\n\t\t\tloop : true,\n\t\t\tnav : true,\n\t\t\tnavText : ['Previous','Next'],\n\t\t\tdots : false,\n\t\t\tresponsiveRefreshRate : 200,\n\t\t\tslideBy : 1,\n\t\t\tmergeFit : true,\n\t\t\tautoHeight : false,\n\t\t\tstageElement : 'ul',\n\t\t\titemElement : 'li',\n\t\t\tmouseDrag : true,\n\t\t\ttouchDrag : true\n\t\t});\n\t\tjQuery('#slider_home').css('visibility', 'visible');\n\t\tsa_resize_slider_home();\n\t\twindow.addEventListener('resize', sa_resize_slider_home);\n\t\tfunction sa_resize_slider_home() {\n\t\t\tvar min_height = 'aspect169';\n\t\t\tvar win_width = jQuery(window).width();\n\t\t\tvar slider_width = jQuery('#slider_home').width();\n\t\t\tif (win_width < 480) {\n\t\t\t\tvar slide_width = slider_width \/ 1;\n\t\t\t} else if (win_width < 768) {\n\t\t\t\tvar slide_width = slider_width \/ 1;\n\t\t\t} else if (win_width < 980) {\n\t\t\t\tvar slide_width = slider_width \/ 1;\n\t\t\t} else if (win_width < 1200) {\n\t\t\t\tvar slide_width = slider_width \/ 1;\n\t\t\t} else if (win_width < 1500) {\n\t\t\t\tvar slide_width = slider_width \/ 1;\n\t\t\t} else {\n\t\t\t\tvar slide_width = slider_width \/ 1;\n\t\t\t}\n\t\t\tslide_width = Math.round(slide_width);\n\t\t\tvar slide_height = '0';\n\t\t\tif (min_height == 'aspect43') {\n\t\t\t\tslide_height = (slide_width \/ 4) * 3;\t\t\t\tslide_height = Math.round(slide_height);\n\t\t\t} else if (min_height == 'aspect169') {\n\t\t\t\tslide_height = (slide_width \/ 16) * 9;\t\t\t\tslide_height = Math.round(slide_height);\n\t\t\t} else {\n\t\t\t\tslide_height = (slide_width \/ 100) * min_height;\t\t\t\tslide_height = Math.round(slide_height);\n\t\t\t}\n\t\t\tjQuery('#slider_home .owl-item .sa_hover_container').css('min-height', slide_height+'px');\n\t\t}\n\t\tvar owl_goto = jQuery('#slider_home');\n\t\tjQuery('.slider_home_goto1').click(function(event){\n\t\t\towl_goto.trigger('to.owl.carousel', 0);\n\t\t});\n\t\tjQuery('.slider_home_goto2').click(function(event){\n\t\t\towl_goto.trigger('to.owl.carousel', 1);\n\t\t});\n\t\tjQuery('.slider_home_goto3').click(function(event){\n\t\t\towl_goto.trigger('to.owl.carousel', 2);\n\t\t});\n\t\tjQuery('.slider_home_goto4').click(function(event){\n\t\t\towl_goto.trigger('to.owl.carousel', 3);\n\t\t});\n\t\tvar resize_453 = jQuery('.owl-carousel');\n\t\tresize_453.on('initialized.owl.carousel', function(e) {\n\t\t\tif (typeof(Event) === 'function') {\n\t\t\t\twindow.dispatchEvent(new Event('resize'));\n\t\t\t} else {\n\t\t\t\tvar evt = window.document.createEvent('UIEvents');\n\t\t\t\tevt.initUIEvent('resize', true, false, window, 0);\n\t\t\t\twindow.dispatchEvent(evt);\n\t\t\t}\n\t\t});\n\t});\n<\/script>\n[\/vc_column_text][\/vc_column][\/vc_row][\/vc_section]<\/p>\n","protected":false},"excerpt":{"rendered":"<p>[vc_section full_width=\u00bbstretch_row_content\u00bb][vc_row full_width=\u00bbstretch_row_content\u00bb el_class=\u00bbd-none\u00bb][vc_column][vc_column_text] Manual del paciente [\/vc_column_text][\/vc_column][\/vc_row][vc_row full_width=\u00bbstretch_row_content\u00bb full_height=\u00bbyes\u00bb el_class=\u00bbno-margin\u00bb][vc_column][vc_column_text el_class=\u00bbd-block d-md-none mb-0&#8243;][\/vc_column_text][vc_column_text el_class=\u00bbmb-0 d-none d-md-block\u00bb][\/vc_column_text][\/vc_column][\/vc_row][\/vc_section]<\/p>\n","protected":false},"author":2,"featured_media":439,"parent":0,"menu_order":0,"comment_status":"closed","ping_status":"closed","template":"page-home.php","meta":{"footnotes":""},"class_list":["post-375","page","type-page","status-publish","hentry"],"yoast_head":"<!-- This site is optimized with the Yoast SEO plugin v26.9 - https:\/\/yoast.com\/product\/yoast-seo-wordpress\/ -->\n<title>Inicio - Centro M\u00e9dico ABC<\/title>\n<meta name=\"description\" content=\"Consulta nuestro manual para el paciente y conoce el proceso de admisi\u00f3n, seguros m\u00e9dicos, y la informaci\u00f3n para familiares y amigos, entre otros detalles.\" \/>\n<meta name=\"robots\" content=\"index, follow, max-snippet:-1, max-image-preview:large, max-video-preview:-1\" \/>\n<link rel=\"canonical\" href=\"https:\/\/centromedicoabc.com\/manual-del-paciente\/\" \/>\n<meta property=\"og:locale\" content=\"es_ES\" \/>\n<meta property=\"og:type\" content=\"article\" \/>\n<meta property=\"og:title\" content=\"Inicio - Centro M\u00e9dico ABC\" \/>\n<meta property=\"og:description\" content=\"Consulta nuestro manual para el paciente y conoce el proceso de admisi\u00f3n, seguros m\u00e9dicos, y la informaci\u00f3n para familiares y amigos, entre otros detalles.\" \/>\n<meta property=\"og:url\" content=\"https:\/\/centromedicoabc.com\/manual-del-paciente\/\" \/>\n<meta property=\"og:site_name\" content=\"Centro M\u00e9dico ABC\" \/>\n<meta property=\"article:modified_time\" content=\"2024-07-17T23:41:19+00:00\" \/>\n<meta property=\"og:image\" content=\"https:\/\/centromedicoabc.com\/manual-del-paciente\/wp-content\/uploads\/2022\/06\/ome-slider-seguro-gastos-medicos-mobil.jpg\" \/>\n\t<meta property=\"og:image:width\" content=\"576\" \/>\n\t<meta property=\"og:image:height\" content=\"700\" \/>\n\t<meta property=\"og:image:type\" content=\"image\/jpeg\" \/>\n<meta name=\"twitter:card\" content=\"summary_large_image\" \/>\n<meta name=\"twitter:label1\" content=\"Tiempo de lectura\" \/>\n\t<meta name=\"twitter:data1\" content=\"1 minuto\" \/>\n<script type=\"application\/ld+json\" class=\"yoast-schema-graph\">{\"@context\":\"https:\/\/schema.org\",\"@graph\":[{\"@type\":\"WebPage\",\"@id\":\"https:\/\/centromedicoabc.com\/manual-del-paciente\/\",\"url\":\"https:\/\/centromedicoabc.com\/manual-del-paciente\/\",\"name\":\"Inicio - Centro M\u00e9dico ABC\",\"isPartOf\":{\"@id\":\"https:\/\/centromedicoabc.com\/manual-del-paciente\/#website\"},\"primaryImageOfPage\":{\"@id\":\"https:\/\/centromedicoabc.com\/manual-del-paciente\/#primaryimage\"},\"image\":{\"@id\":\"https:\/\/centromedicoabc.com\/manual-del-paciente\/#primaryimage\"},\"thumbnailUrl\":\"https:\/\/centromedicoabc.com\/manual-del-paciente\/wp-content\/uploads\/2022\/06\/ome-slider-seguro-gastos-medicos-mobil.jpg\",\"datePublished\":\"2022-06-17T21:15:04+00:00\",\"dateModified\":\"2024-07-17T23:41:19+00:00\",\"description\":\"Consulta nuestro manual para el paciente y conoce el proceso de admisi\u00f3n, seguros m\u00e9dicos, y la informaci\u00f3n para familiares y amigos, entre otros detalles.\",\"breadcrumb\":{\"@id\":\"https:\/\/centromedicoabc.com\/manual-del-paciente\/#breadcrumb\"},\"inLanguage\":\"es\",\"potentialAction\":[{\"@type\":\"ReadAction\",\"target\":[\"https:\/\/centromedicoabc.com\/manual-del-paciente\/\"]}]},{\"@type\":\"ImageObject\",\"inLanguage\":\"es\",\"@id\":\"https:\/\/centromedicoabc.com\/manual-del-paciente\/#primaryimage\",\"url\":\"https:\/\/centromedicoabc.com\/manual-del-paciente\/wp-content\/uploads\/2022\/06\/ome-slider-seguro-gastos-medicos-mobil.jpg\",\"contentUrl\":\"https:\/\/centromedicoabc.com\/manual-del-paciente\/wp-content\/uploads\/2022\/06\/ome-slider-seguro-gastos-medicos-mobil.jpg\",\"width\":576,\"height\":700},{\"@type\":\"BreadcrumbList\",\"@id\":\"https:\/\/centromedicoabc.com\/manual-del-paciente\/#breadcrumb\",\"itemListElement\":[{\"@type\":\"ListItem\",\"position\":1,\"name\":\"Inicio\",\"item\":\"https:\/\/centromedicoabc.com\/manual-del-paciente\/\"},{\"@type\":\"ListItem\",\"position\":2,\"name\":\"Inicio\"}]},{\"@type\":\"WebSite\",\"@id\":\"https:\/\/centromedicoabc.com\/manual-del-paciente\/#website\",\"url\":\"https:\/\/centromedicoabc.com\/manual-del-paciente\/\",\"name\":\"Centro M\u00e9dico ABC\",\"description\":\"Centro M\u00e9dico ABC\",\"potentialAction\":[{\"@type\":\"SearchAction\",\"target\":{\"@type\":\"EntryPoint\",\"urlTemplate\":\"https:\/\/centromedicoabc.com\/manual-del-paciente\/?s={search_term_string}\"},\"query-input\":{\"@type\":\"PropertyValueSpecification\",\"valueRequired\":true,\"valueName\":\"search_term_string\"}}],\"inLanguage\":\"es\"}]}<\/script>\n<!-- \/ Yoast SEO plugin. -->","yoast_head_json":{"title":"Inicio - Centro M\u00e9dico ABC","description":"Consulta nuestro manual para el paciente y conoce el proceso de admisi\u00f3n, seguros m\u00e9dicos, y la informaci\u00f3n para familiares y amigos, entre otros detalles.","robots":{"index":"index","follow":"follow","max-snippet":"max-snippet:-1","max-image-preview":"max-image-preview:large","max-video-preview":"max-video-preview:-1"},"canonical":"https:\/\/centromedicoabc.com\/manual-del-paciente\/","og_locale":"es_ES","og_type":"article","og_title":"Inicio - Centro M\u00e9dico ABC","og_description":"Consulta nuestro manual para el paciente y conoce el proceso de admisi\u00f3n, seguros m\u00e9dicos, y la informaci\u00f3n para familiares y amigos, entre otros detalles.","og_url":"https:\/\/centromedicoabc.com\/manual-del-paciente\/","og_site_name":"Centro M\u00e9dico ABC","article_modified_time":"2024-07-17T23:41:19+00:00","og_image":[{"width":576,"height":700,"url":"https:\/\/centromedicoabc.com\/manual-del-paciente\/wp-content\/uploads\/2022\/06\/ome-slider-seguro-gastos-medicos-mobil.jpg","type":"image\/jpeg"}],"twitter_card":"summary_large_image","twitter_misc":{"Tiempo de lectura":"1 minuto"},"schema":{"@context":"https:\/\/schema.org","@graph":[{"@type":"WebPage","@id":"https:\/\/centromedicoabc.com\/manual-del-paciente\/","url":"https:\/\/centromedicoabc.com\/manual-del-paciente\/","name":"Inicio - Centro M\u00e9dico ABC","isPartOf":{"@id":"https:\/\/centromedicoabc.com\/manual-del-paciente\/#website"},"primaryImageOfPage":{"@id":"https:\/\/centromedicoabc.com\/manual-del-paciente\/#primaryimage"},"image":{"@id":"https:\/\/centromedicoabc.com\/manual-del-paciente\/#primaryimage"},"thumbnailUrl":"https:\/\/centromedicoabc.com\/manual-del-paciente\/wp-content\/uploads\/2022\/06\/ome-slider-seguro-gastos-medicos-mobil.jpg","datePublished":"2022-06-17T21:15:04+00:00","dateModified":"2024-07-17T23:41:19+00:00","description":"Consulta nuestro manual para el paciente y conoce el proceso de admisi\u00f3n, seguros m\u00e9dicos, y la informaci\u00f3n para familiares y amigos, entre otros detalles.","breadcrumb":{"@id":"https:\/\/centromedicoabc.com\/manual-del-paciente\/#breadcrumb"},"inLanguage":"es","potentialAction":[{"@type":"ReadAction","target":["https:\/\/centromedicoabc.com\/manual-del-paciente\/"]}]},{"@type":"ImageObject","inLanguage":"es","@id":"https:\/\/centromedicoabc.com\/manual-del-paciente\/#primaryimage","url":"https:\/\/centromedicoabc.com\/manual-del-paciente\/wp-content\/uploads\/2022\/06\/ome-slider-seguro-gastos-medicos-mobil.jpg","contentUrl":"https:\/\/centromedicoabc.com\/manual-del-paciente\/wp-content\/uploads\/2022\/06\/ome-slider-seguro-gastos-medicos-mobil.jpg","width":576,"height":700},{"@type":"BreadcrumbList","@id":"https:\/\/centromedicoabc.com\/manual-del-paciente\/#breadcrumb","itemListElement":[{"@type":"ListItem","position":1,"name":"Inicio","item":"https:\/\/centromedicoabc.com\/manual-del-paciente\/"},{"@type":"ListItem","position":2,"name":"Inicio"}]},{"@type":"WebSite","@id":"https:\/\/centromedicoabc.com\/manual-del-paciente\/#website","url":"https:\/\/centromedicoabc.com\/manual-del-paciente\/","name":"Centro M\u00e9dico ABC","description":"Centro M\u00e9dico ABC","potentialAction":[{"@type":"SearchAction","target":{"@type":"EntryPoint","urlTemplate":"https:\/\/centromedicoabc.com\/manual-del-paciente\/?s={search_term_string}"},"query-input":{"@type":"PropertyValueSpecification","valueRequired":true,"valueName":"search_term_string"}}],"inLanguage":"es"}]}},"_links":{"self":[{"href":"https:\/\/centromedicoabc.com\/manual-del-paciente\/wp-json\/wp\/v2\/pages\/375","targetHints":{"allow":["GET"]}}],"collection":[{"href":"https:\/\/centromedicoabc.com\/manual-del-paciente\/wp-json\/wp\/v2\/pages"}],"about":[{"href":"https:\/\/centromedicoabc.com\/manual-del-paciente\/wp-json\/wp\/v2\/types\/page"}],"author":[{"embeddable":true,"href":"https:\/\/centromedicoabc.com\/manual-del-paciente\/wp-json\/wp\/v2\/users\/2"}],"replies":[{"embeddable":true,"href":"https:\/\/centromedicoabc.com\/manual-del-paciente\/wp-json\/wp\/v2\/comments?post=375"}],"version-history":[{"count":18,"href":"https:\/\/centromedicoabc.com\/manual-del-paciente\/wp-json\/wp\/v2\/pages\/375\/revisions"}],"predecessor-version":[{"id":1380,"href":"https:\/\/centromedicoabc.com\/manual-del-paciente\/wp-json\/wp\/v2\/pages\/375\/revisions\/1380"}],"wp:featuredmedia":[{"embeddable":true,"href":"https:\/\/centromedicoabc.com\/manual-del-paciente\/wp-json\/wp\/v2\/media\/439"}],"wp:attachment":[{"href":"https:\/\/centromedicoabc.com\/manual-del-paciente\/wp-json\/wp\/v2\/media?parent=375"}],"curies":[{"name":"wp","href":"https:\/\/api.w.org\/{rel}","templated":true}]}}