{"id":13,"date":"2021-02-07T17:45:31","date_gmt":"2021-02-07T17:45:31","guid":{"rendered":"http:\/\/misaludencasa.mx\/?page_id=13"},"modified":"2022-01-27T12:10:46","modified_gmt":"2022-01-27T18:10:46","slug":"capacitaciones","status":"publish","type":"page","link":"https:\/\/centromedicoabc.com\/mi-salud-en-casa\/capacitaciones\/","title":{"rendered":"Capacitaciones"},"content":{"rendered":"[vc_row type=&#8221;full_width_background&#8221; full_screen_row_position=&#8221;middle&#8221; column_margin=&#8221;default&#8221; column_direction=&#8221;default&#8221; column_direction_tablet=&#8221;default&#8221; column_direction_phone=&#8221;default&#8221; bg_color=&#8221;#ffffff&#8221; scene_position=&#8221;center&#8221; top_padding=&#8221;5%&#8221; bottom_padding=&#8221;5%&#8221; text_color=&#8221;dark&#8221; text_align=&#8221;left&#8221; row_border_radius=&#8221;none&#8221; row_border_radius_applies=&#8221;bg&#8221; overlay_strength=&#8221;0.3&#8243; gradient_direction=&#8221;left_to_right&#8221; shape_divider_position=&#8221;bottom&#8221; bg_image_animation=&#8221;none&#8221;][vc_column column_padding=&#8221;padding-2-percent&#8221; column_padding_tablet=&#8221;inherit&#8221; column_padding_phone=&#8221;inherit&#8221; column_padding_position=&#8221;all&#8221; background_color_opacity=&#8221;1&#8243; background_hover_color_opacity=&#8221;1&#8243; column_shadow=&#8221;none&#8221; column_border_radius=&#8221;none&#8221; column_link_target=&#8221;_self&#8221; gradient_direction=&#8221;left_to_right&#8221; overlay_strength=&#8221;0.3&#8243; width=&#8221;1\/2&#8243; tablet_width_inherit=&#8221;default&#8221; tablet_text_alignment=&#8221;default&#8221; phone_text_alignment=&#8221;default&#8221; column_border_width=&#8221;none&#8221; column_border_style=&#8221;solid&#8221; bg_image_animation=&#8221;none&#8221;][vc_column_text el_class=&#8221;title_title&#8221;]\n<h2><strong>El conocimiento<br \/>\nfunciona mejor<br \/>\ncuando es compartido.<\/strong><\/h2>\n[\/vc_column_text][vc_row_inner column_margin=&#8221;default&#8221; column_direction=&#8221;default&#8221; column_direction_tablet=&#8221;default&#8221; column_direction_phone=&#8221;default&#8221; top_padding=&#8221;15&#8243; bottom_padding=&#8221;25&#8243; text_align=&#8221;left&#8221;][vc_column_inner column_padding=&#8221;no-extra-padding&#8221; column_padding_tablet=&#8221;inherit&#8221; column_padding_phone=&#8221;inherit&#8221; column_padding_position=&#8221;all&#8221; background_color_opacity=&#8221;1&#8243; background_hover_color_opacity=&#8221;1&#8243; column_shadow=&#8221;none&#8221; column_border_radius=&#8221;none&#8221; column_link_target=&#8221;_self&#8221; gradient_direction=&#8221;left_to_right&#8221; overlay_strength=&#8221;0.3&#8243; width=&#8221;1\/1&#8243; tablet_width_inherit=&#8221;default&#8221; column_border_width=&#8221;none&#8221; column_border_style=&#8221;solid&#8221; bg_image_animation=&#8221;none&#8221; enable_animation=&#8221;true&#8221; animation=&#8221;fade-in-from-bottom&#8221;][vc_column_text]En un esfuerzo conjunto el <strong>Centro M\u00e9dico ABC<\/strong> junto con FUNSALUD, UNAM, CONAMEGE y el Consejo Mexicano de Negocios se ha dado a la tarea de crear una capacitaci\u00f3n sobre generalidades de COVID-19, as\u00ed como sobre la identificaci\u00f3n de datos de alarma en pacientes COVID-19 para poder <strong>actuar de manera oportuna<\/strong>, evitando en la medida de lo posible las <strong>complicaciones<\/strong> y as\u00ed contribuir a <strong>disminuir la mortalidad<\/strong>.[\/vc_column_text][\/vc_column_inner][\/vc_row_inner][vc_row_inner column_margin=&#8221;default&#8221; column_direction=&#8221;default&#8221; column_direction_tablet=&#8221;default&#8221; column_direction_phone=&#8221;default&#8221; text_align=&#8221;left&#8221;][vc_column_inner column_padding=&#8221;no-extra-padding&#8221; column_padding_tablet=&#8221;inherit&#8221; column_padding_phone=&#8221;inherit&#8221; column_padding_position=&#8221;all&#8221; background_color_opacity=&#8221;1&#8243; background_hover_color_opacity=&#8221;1&#8243; column_shadow=&#8221;none&#8221; column_border_radius=&#8221;none&#8221; column_link_target=&#8221;_self&#8221; gradient_direction=&#8221;left_to_right&#8221; overlay_strength=&#8221;0.3&#8243; width=&#8221;1\/1&#8243; tablet_width_inherit=&#8221;default&#8221; column_border_width=&#8221;none&#8221; column_border_style=&#8221;solid&#8221; bg_image_animation=&#8221;none&#8221; enable_animation=&#8221;true&#8221; animation=&#8221;fade-in-from-bottom&#8221;][vc_column_text]\n<h6 style=\"color: #1e83ec;\">\u00bfCu\u00e1nto tiempo es?<\/h6>\n<p><span style=\"color: rgba(0,0,0,0.45);\">Son dos sesiones de cuatro horas cada una para m\u00e9dicos. En caso de personal de salud no m\u00e9dicos, es una sesi\u00f3n de cuatro horas.<\/span>[\/vc_column_text][\/vc_column_inner][\/vc_row_inner][\/vc_column][vc_column column_padding=&#8221;padding-2-percent&#8221; column_padding_tablet=&#8221;inherit&#8221; column_padding_phone=&#8221;inherit&#8221; column_padding_position=&#8221;all&#8221; background_color_opacity=&#8221;1&#8243; background_hover_color_opacity=&#8221;1&#8243; column_shadow=&#8221;none&#8221; column_border_radius=&#8221;none&#8221; column_link_target=&#8221;_self&#8221; gradient_direction=&#8221;left_to_right&#8221; overlay_strength=&#8221;0.3&#8243; width=&#8221;1\/4&#8243; tablet_width_inherit=&#8221;default&#8221; tablet_text_alignment=&#8221;default&#8221; phone_text_alignment=&#8221;default&#8221; column_border_width=&#8221;none&#8221; column_border_style=&#8221;solid&#8221; bg_image_animation=&#8221;none&#8221;][vc_column_text css=&#8221;.vc_custom_1614107145304{margin-bottom: 18px !important;}&#8221;]\n<h5>A qui\u00e9n est\u00e1 dirigida<\/h5>\n[\/vc_column_text]<div class=\"nectar-fancy-ul\" data-list-icon=\"icon-salient-thin-line\" data-animation=\"true\" data-animation-delay=\"0\" data-color=\"extra-color-3\" data-spacing=\"default\" data-alignment=\"left\"> \n<ul>\n<li><span style=\"color: #999999;\">M\u00e9dicos Generales o especialistas<\/span><\/li>\n<li><span style=\"color: #999999;\">Estudiantes de medicina<\/span><\/li>\n<li><span style=\"color: #999999;\">Farmac\u00e9uticos<\/span><\/li>\n<li><span style=\"color: #999999;\">Enfermeros<\/span><\/li>\n<li><span style=\"color: #999999;\">Tomadores de decisiones<\/span><\/li>\n<\/ul>\n <\/div>[divider line_type=&#8221;No Line&#8221; custom_height=&#8221;20&#8243;][vc_column_text css=&#8221;.vc_custom_1614107811296{margin-bottom: 18px !important;}&#8221;]\n<h5>En d\u00f3nde se imparte<\/h5>\n[\/vc_column_text]<div class=\"nectar-fancy-ul\" data-list-icon=\"icon-salient-thin-line\" data-animation=\"true\" data-animation-delay=\"0\" data-color=\"extra-color-3\" data-spacing=\"default\" data-alignment=\"left\"> \n<ul>\n<li><span style=\"color: #999999;\">Por videoconferencia<\/span><\/li>\n<li><span style=\"color: #999999;\">Por las ma\u00f1anas<\/span><\/li>\n<\/ul>\n <\/div>[nectar_cta btn_style=&#8221;arrow-animation&#8221; heading_tag=&#8221;h6&#8243; text_color=&#8221;#00a9ce&#8221; button_color=&#8221;default&#8221; link_type=&#8221;regular&#8221; alignment=&#8221;left&#8221; display=&#8221;block&#8221; url=&#8221;mailto:capacitacioncovid19abc@gmail.com&#8221; link_text=&#8221;Escr\u00edbenos&#8221;][\/vc_column][vc_column column_padding=&#8221;padding-2-percent&#8221; column_padding_tablet=&#8221;inherit&#8221; column_padding_phone=&#8221;inherit&#8221; column_padding_position=&#8221;all&#8221; background_color_opacity=&#8221;1&#8243; background_hover_color_opacity=&#8221;1&#8243; column_shadow=&#8221;none&#8221; column_border_radius=&#8221;none&#8221; column_link_target=&#8221;_self&#8221; gradient_direction=&#8221;left_to_right&#8221; overlay_strength=&#8221;0.3&#8243; width=&#8221;1\/4&#8243; tablet_width_inherit=&#8221;default&#8221; tablet_text_alignment=&#8221;default&#8221; phone_text_alignment=&#8221;default&#8221; column_border_width=&#8221;none&#8221; column_border_style=&#8221;solid&#8221; bg_image_animation=&#8221;none&#8221;][vc_column_text css=&#8221;.vc_custom_1614107393275{margin-bottom: 18px !important;}&#8221;]\n<h5>Numeralia<\/h5>\n[\/vc_column_text]<div class=\"nectar-fancy-ul\" data-list-icon=\"icon-salient-thin-line\" data-animation=\"true\" data-animation-delay=\"0\" data-color=\"extra-color-3\" data-spacing=\"default\" data-alignment=\"left\"> \n<ul>\n<li><span style=\"color: #999999;\">1000 personas capacitadas<\/span><\/li>\n<li><span style=\"color: #999999;\">8 semanas<\/span><\/li>\n<li><span style=\"color: #999999;\">14 empresas<\/span><\/li>\n<li><span style=\"color: #999999;\">132 horas de capacitaci\u00f3n<\/span><\/li>\n<\/ul>\n <\/div>[divider line_type=&#8221;No Line&#8221; custom_height=&#8221;20&#8243;][vc_column_text css=&#8221;.vc_custom_1614108217040{margin-bottom: 18px !important;}&#8221;]\n<h5>En breve<\/h5>\n[\/vc_column_text]<div class=\"nectar-fancy-ul\" data-list-icon=\"icon-salient-thin-line\" data-animation=\"true\" data-animation-delay=\"0\" data-color=\"extra-color-3\" data-spacing=\"default\" data-alignment=\"left\"> \n<ul>\n<li><span style=\"color: #999999;\">Avalado por la UNAM<\/span><\/li>\n<li><span style=\"color: #999999;\">Puntos de certificaci\u00f3n<\/span><\/li>\n<li><span style=\"color: #999999;\">Asincr\u00f3nico<\/span><\/li>\n<\/ul>\n <\/div>[\/vc_column][\/vc_row]\n","protected":false},"excerpt":{"rendered":"<p>[vc_row type=&#8221;full_width_background&#8221; full_screen_row_position=&#8221;middle&#8221; column_margin=&#8221;default&#8221; column_direction=&#8221;default&#8221; column_direction_tablet=&#8221;default&#8221; column_direction_phone=&#8221;default&#8221; bg_color=&#8221;#ffffff&#8221; scene_position=&#8221;center&#8221; top_padding=&#8221;5%&#8221; bottom_padding=&#8221;5%&#8221; text_color=&#8221;dark&#8221; text_align=&#8221;left&#8221; row_border_radius=&#8221;none&#8221; row_border_radius_applies=&#8221;bg&#8221; overlay_strength=&#8221;0.3&#8243; gradient_direction=&#8221;left_to_right&#8221; shape_divider_position=&#8221;bottom&#8221; bg_image_animation=&#8221;none&#8221;][vc_column column_padding=&#8221;padding-2-percent&#8221; column_padding_tablet=&#8221;inherit&#8221; column_padding_phone=&#8221;inherit&#8221; column_padding_position=&#8221;all&#8221; background_color_opacity=&#8221;1&#8243; background_hover_color_opacity=&#8221;1&#8243; column_shadow=&#8221;none&#8221; column_border_radius=&#8221;none&#8221; column_link_target=&#8221;_self&#8221; gradient_direction=&#8221;left_to_right&#8221; overlay_strength=&#8221;0.3&#8243;&#8230;<\/p>\n","protected":false},"author":4,"featured_media":0,"parent":0,"menu_order":0,"comment_status":"closed","ping_status":"closed","template":"","meta":{"footnotes":""},"class_list":["post-13","page","type-page","status-publish"],"yoast_head":"<!-- This site is optimized with the Yoast SEO plugin v26.2 - https:\/\/yoast.com\/wordpress\/plugins\/seo\/ -->\n<title>Capacitaciones - Mi Salud En Casa<\/title>\n<meta name=\"robots\" content=\"index, follow, max-snippet:-1, max-image-preview:large, max-video-preview:-1\" \/>\n<link rel=\"canonical\" href=\"https:\/\/centromedicoabc.com\/mi-salud-en-casa\/capacitaciones\/\" \/>\n<meta property=\"og:locale\" content=\"es_MX\" \/>\n<meta property=\"og:type\" content=\"article\" \/>\n<meta property=\"og:title\" content=\"Capacitaciones - Mi Salud En Casa\" \/>\n<meta property=\"og:description\" content=\"[vc_row type=&#8221;full_width_background&#8221; full_screen_row_position=&#8221;middle&#8221; column_margin=&#8221;default&#8221; column_direction=&#8221;default&#8221; column_direction_tablet=&#8221;default&#8221; column_direction_phone=&#8221;default&#8221; bg_color=&#8221;#ffffff&#8221; scene_position=&#8221;center&#8221; top_padding=&#8221;5%&#8221; bottom_padding=&#8221;5%&#8221; text_color=&#8221;dark&#8221; text_align=&#8221;left&#8221; row_border_radius=&#8221;none&#8221; row_border_radius_applies=&#8221;bg&#8221; overlay_strength=&#8221;0.3&#8243; gradient_direction=&#8221;left_to_right&#8221; shape_divider_position=&#8221;bottom&#8221; bg_image_animation=&#8221;none&#8221;][vc_column column_padding=&#8221;padding-2-percent&#8221; column_padding_tablet=&#8221;inherit&#8221; column_padding_phone=&#8221;inherit&#8221; column_padding_position=&#8221;all&#8221; background_color_opacity=&#8221;1&#8243; background_hover_color_opacity=&#8221;1&#8243; column_shadow=&#8221;none&#8221; column_border_radius=&#8221;none&#8221; column_link_target=&#8221;_self&#8221; gradient_direction=&#8221;left_to_right&#8221; overlay_strength=&#8221;0.3&#8243;...\" \/>\n<meta property=\"og:url\" content=\"https:\/\/centromedicoabc.com\/mi-salud-en-casa\/capacitaciones\/\" \/>\n<meta property=\"og:site_name\" content=\"Mi Salud En Casa\" \/>\n<meta property=\"article:modified_time\" content=\"2022-01-27T18:10:46+00:00\" \/>\n<meta name=\"twitter:card\" content=\"summary_large_image\" \/>\n<meta name=\"twitter:label1\" content=\"Tiempo de lectura\" \/>\n\t<meta name=\"twitter:data1\" content=\"4 minutos\" \/>\n<script type=\"application\/ld+json\" class=\"yoast-schema-graph\">{\"@context\":\"https:\/\/schema.org\",\"@graph\":[{\"@type\":\"WebPage\",\"@id\":\"https:\/\/centromedicoabc.com\/mi-salud-en-casa\/capacitaciones\/\",\"url\":\"https:\/\/centromedicoabc.com\/mi-salud-en-casa\/capacitaciones\/\",\"name\":\"Capacitaciones - Mi Salud En Casa\",\"isPartOf\":{\"@id\":\"https:\/\/centromedicoabc.com\/mi-salud-en-casa\/#website\"},\"datePublished\":\"2021-02-07T17:45:31+00:00\",\"dateModified\":\"2022-01-27T18:10:46+00:00\",\"breadcrumb\":{\"@id\":\"https:\/\/centromedicoabc.com\/mi-salud-en-casa\/capacitaciones\/#breadcrumb\"},\"inLanguage\":\"es\",\"potentialAction\":[{\"@type\":\"ReadAction\",\"target\":[\"https:\/\/centromedicoabc.com\/mi-salud-en-casa\/capacitaciones\/\"]}]},{\"@type\":\"BreadcrumbList\",\"@id\":\"https:\/\/centromedicoabc.com\/mi-salud-en-casa\/capacitaciones\/#breadcrumb\",\"itemListElement\":[{\"@type\":\"ListItem\",\"position\":1,\"name\":\"Inicio\",\"item\":\"https:\/\/centromedicoabc.com\/mi-salud-en-casa\/\"},{\"@type\":\"ListItem\",\"position\":2,\"name\":\"Capacitaciones\"}]},{\"@type\":\"WebSite\",\"@id\":\"https:\/\/centromedicoabc.com\/mi-salud-en-casa\/#website\",\"url\":\"https:\/\/centromedicoabc.com\/mi-salud-en-casa\/\",\"name\":\"Mi Salud En Casa\",\"description\":\"\",\"potentialAction\":[{\"@type\":\"SearchAction\",\"target\":{\"@type\":\"EntryPoint\",\"urlTemplate\":\"https:\/\/centromedicoabc.com\/mi-salud-en-casa\/?s={search_term_string}\"},\"query-input\":{\"@type\":\"PropertyValueSpecification\",\"valueRequired\":true,\"valueName\":\"search_term_string\"}}],\"inLanguage\":\"es\"}]}<\/script>\n<!-- \/ Yoast SEO plugin. -->","yoast_head_json":{"title":"Capacitaciones - Mi Salud En Casa","robots":{"index":"index","follow":"follow","max-snippet":"max-snippet:-1","max-image-preview":"max-image-preview:large","max-video-preview":"max-video-preview:-1"},"canonical":"https:\/\/centromedicoabc.com\/mi-salud-en-casa\/capacitaciones\/","og_locale":"es_MX","og_type":"article","og_title":"Capacitaciones - Mi Salud En Casa","og_description":"[vc_row type=&#8221;full_width_background&#8221; full_screen_row_position=&#8221;middle&#8221; column_margin=&#8221;default&#8221; column_direction=&#8221;default&#8221; column_direction_tablet=&#8221;default&#8221; column_direction_phone=&#8221;default&#8221; bg_color=&#8221;#ffffff&#8221; scene_position=&#8221;center&#8221; top_padding=&#8221;5%&#8221; bottom_padding=&#8221;5%&#8221; text_color=&#8221;dark&#8221; text_align=&#8221;left&#8221; row_border_radius=&#8221;none&#8221; row_border_radius_applies=&#8221;bg&#8221; overlay_strength=&#8221;0.3&#8243; gradient_direction=&#8221;left_to_right&#8221; shape_divider_position=&#8221;bottom&#8221; bg_image_animation=&#8221;none&#8221;][vc_column column_padding=&#8221;padding-2-percent&#8221; column_padding_tablet=&#8221;inherit&#8221; column_padding_phone=&#8221;inherit&#8221; column_padding_position=&#8221;all&#8221; background_color_opacity=&#8221;1&#8243; background_hover_color_opacity=&#8221;1&#8243; column_shadow=&#8221;none&#8221; column_border_radius=&#8221;none&#8221; column_link_target=&#8221;_self&#8221; gradient_direction=&#8221;left_to_right&#8221; overlay_strength=&#8221;0.3&#8243;...","og_url":"https:\/\/centromedicoabc.com\/mi-salud-en-casa\/capacitaciones\/","og_site_name":"Mi Salud En Casa","article_modified_time":"2022-01-27T18:10:46+00:00","twitter_card":"summary_large_image","twitter_misc":{"Tiempo de lectura":"4 minutos"},"schema":{"@context":"https:\/\/schema.org","@graph":[{"@type":"WebPage","@id":"https:\/\/centromedicoabc.com\/mi-salud-en-casa\/capacitaciones\/","url":"https:\/\/centromedicoabc.com\/mi-salud-en-casa\/capacitaciones\/","name":"Capacitaciones - Mi Salud En Casa","isPartOf":{"@id":"https:\/\/centromedicoabc.com\/mi-salud-en-casa\/#website"},"datePublished":"2021-02-07T17:45:31+00:00","dateModified":"2022-01-27T18:10:46+00:00","breadcrumb":{"@id":"https:\/\/centromedicoabc.com\/mi-salud-en-casa\/capacitaciones\/#breadcrumb"},"inLanguage":"es","potentialAction":[{"@type":"ReadAction","target":["https:\/\/centromedicoabc.com\/mi-salud-en-casa\/capacitaciones\/"]}]},{"@type":"BreadcrumbList","@id":"https:\/\/centromedicoabc.com\/mi-salud-en-casa\/capacitaciones\/#breadcrumb","itemListElement":[{"@type":"ListItem","position":1,"name":"Inicio","item":"https:\/\/centromedicoabc.com\/mi-salud-en-casa\/"},{"@type":"ListItem","position":2,"name":"Capacitaciones"}]},{"@type":"WebSite","@id":"https:\/\/centromedicoabc.com\/mi-salud-en-casa\/#website","url":"https:\/\/centromedicoabc.com\/mi-salud-en-casa\/","name":"Mi Salud En Casa","description":"","potentialAction":[{"@type":"SearchAction","target":{"@type":"EntryPoint","urlTemplate":"https:\/\/centromedicoabc.com\/mi-salud-en-casa\/?s={search_term_string}"},"query-input":{"@type":"PropertyValueSpecification","valueRequired":true,"valueName":"search_term_string"}}],"inLanguage":"es"}]}},"_links":{"self":[{"href":"https:\/\/centromedicoabc.com\/mi-salud-en-casa\/wp-json\/wp\/v2\/pages\/13","targetHints":{"allow":["GET"]}}],"collection":[{"href":"https:\/\/centromedicoabc.com\/mi-salud-en-casa\/wp-json\/wp\/v2\/pages"}],"about":[{"href":"https:\/\/centromedicoabc.com\/mi-salud-en-casa\/wp-json\/wp\/v2\/types\/page"}],"author":[{"embeddable":true,"href":"https:\/\/centromedicoabc.com\/mi-salud-en-casa\/wp-json\/wp\/v2\/users\/4"}],"replies":[{"embeddable":true,"href":"https:\/\/centromedicoabc.com\/mi-salud-en-casa\/wp-json\/wp\/v2\/comments?post=13"}],"version-history":[{"count":15,"href":"https:\/\/centromedicoabc.com\/mi-salud-en-casa\/wp-json\/wp\/v2\/pages\/13\/revisions"}],"predecessor-version":[{"id":768,"href":"https:\/\/centromedicoabc.com\/mi-salud-en-casa\/wp-json\/wp\/v2\/pages\/13\/revisions\/768"}],"wp:attachment":[{"href":"https:\/\/centromedicoabc.com\/mi-salud-en-casa\/wp-json\/wp\/v2\/media?parent=13"}],"curies":[{"name":"wp","href":"https:\/\/api.w.org\/{rel}","templated":true}]}}