{"id":22,"date":"2021-02-07T17:47:05","date_gmt":"2021-02-07T17:47:05","guid":{"rendered":"http:\/\/misaludencasa.mx\/?page_id=22"},"modified":"2025-09-08T09:17:25","modified_gmt":"2025-09-08T15:17:25","slug":"quienes-somos","status":"publish","type":"page","link":"https:\/\/centromedicoabc.com\/mi-salud-en-casa\/quienes-somos\/","title":{"rendered":"Quienes Somos"},"content":{"rendered":"[vc_row type=&#8221;full_width_background&#8221; full_screen_row_position=&#8221;middle&#8221; column_margin=&#8221;default&#8221; column_direction=&#8221;default&#8221; column_direction_tablet=&#8221;default&#8221; column_direction_phone=&#8221;default&#8221; bg_color=&#8221;#ffffff&#8221; scene_position=&#8221;center&#8221; top_padding=&#8221;10%&#8221; bottom_padding=&#8221;10%&#8221; text_color=&#8221;dark&#8221; text_align=&#8221;left&#8221; row_border_radius=&#8221;none&#8221; row_border_radius_applies=&#8221;bg&#8221; overlay_strength=&#8221;1&#8243; gradient_direction=&#8221;left_to_right&#8221; shape_divider_position=&#8221;bottom&#8221; bg_image_animation=&#8221;none&#8221;][vc_column column_padding=&#8221;no-extra-padding&#8221; column_padding_tablet=&#8221;inherit&#8221; column_padding_phone=&#8221;inherit&#8221; column_padding_position=&#8221;all&#8221; background_color_opacity=&#8221;1&#8243; background_hover_color_opacity=&#8221;1&#8243; column_shadow=&#8221;none&#8221; column_border_radius=&#8221;none&#8221; column_link_target=&#8221;_self&#8221; gradient_direction=&#8221;left_to_right&#8221; overlay_strength=&#8221;0.3&#8243; width=&#8221;1\/1&#8243; tablet_width_inherit=&#8221;default&#8221; tablet_text_alignment=&#8221;default&#8221; phone_text_alignment=&#8221;default&#8221; column_border_width=&#8221;none&#8221; column_border_style=&#8221;solid&#8221; bg_image_animation=&#8221;none&#8221;][vc_row_inner column_margin=&#8221;default&#8221; column_direction=&#8221;default&#8221; column_direction_tablet=&#8221;default&#8221; column_direction_phone=&#8221;default&#8221; text_align=&#8221;left&#8221;][vc_column_inner column_padding=&#8221;no-extra-padding&#8221; column_padding_tablet=&#8221;inherit&#8221; column_padding_phone=&#8221;inherit&#8221; column_padding_position=&#8221;all&#8221; background_color_opacity=&#8221;1&#8243; background_hover_color_opacity=&#8221;1&#8243; column_shadow=&#8221;none&#8221; column_border_radius=&#8221;none&#8221; column_link_target=&#8221;_self&#8221; gradient_direction=&#8221;left_to_right&#8221; overlay_strength=&#8221;0.3&#8243; width=&#8221;1\/2&#8243; tablet_width_inherit=&#8221;default&#8221; column_border_width=&#8221;none&#8221; column_border_style=&#8221;solid&#8221; bg_image_animation=&#8221;none&#8221;][vc_column_text el_class=&#8221;title_title titleL&#8221;]\n<h2><strong>Vocaci\u00f3n para mejorar<br \/>\nla salud en M\u00e9xico.<\/strong><\/h2>\n[\/vc_column_text][divider line_type=&#8221;No Line&#8221;][divider line_type=&#8221;No Line&#8221;][split_line_heading animation_type=&#8221;twist-in&#8221; font_style=&#8221;h3&#8243; text_content=&#8221;135 a\u00f1os de filantrop\u00eda, \u00e9tica y liderazgo m\u00e9dico.&#8221; animation_delay=&#8221;750&#8243;][\/split_line_heading][\/vc_column_inner][vc_column_inner column_padding=&#8221;no-extra-padding&#8221; column_padding_tablet=&#8221;inherit&#8221; column_padding_phone=&#8221;inherit&#8221; column_padding_position=&#8221;all&#8221; background_color_opacity=&#8221;1&#8243; background_hover_color_opacity=&#8221;1&#8243; column_shadow=&#8221;none&#8221; column_border_radius=&#8221;none&#8221; column_link_target=&#8221;_self&#8221; gradient_direction=&#8221;left_to_right&#8221; overlay_strength=&#8221;0.3&#8243; width=&#8221;1\/2&#8243; tablet_width_inherit=&#8221;default&#8221; column_border_width=&#8221;none&#8221; column_border_style=&#8221;solid&#8221; bg_image_animation=&#8221;none&#8221;][vc_video link=&#8221;https:\/\/youtu.be\/o9UABwDKHgc&#8221;][\/vc_column_inner][\/vc_row_inner][vc_row_inner column_margin=&#8221;default&#8221; column_direction=&#8221;default&#8221; column_direction_tablet=&#8221;default&#8221; column_direction_phone=&#8221;default&#8221; text_align=&#8221;left&#8221;][vc_column_inner column_padding=&#8221;padding-3-percent&#8221; column_padding_tablet=&#8221;inherit&#8221; column_padding_phone=&#8221;inherit&#8221; column_padding_position=&#8221;top-bottom&#8221; background_color_opacity=&#8221;1&#8243; background_hover_color_opacity=&#8221;1&#8243; column_shadow=&#8221;none&#8221; column_border_radius=&#8221;none&#8221; column_link_target=&#8221;_self&#8221; gradient_direction=&#8221;left_to_right&#8221; overlay_strength=&#8221;0.3&#8243; width=&#8221;1\/2&#8243; tablet_width_inherit=&#8221;default&#8221; column_border_width=&#8221;none&#8221; column_border_style=&#8221;solid&#8221; bg_image_animation=&#8221;none&#8221;][vc_column_text css=&#8221;.vc_custom_1614040846330{padding-right: 10% !important;}&#8221;]\n<p class=\"p1\"><span class=\"s1\">El 12 de diciembre de 1886 se inaugura el <strong>Hospital Americano<\/strong> en la Ciudad de M\u00e9xico en la calle Gabino Barreda No. 34 de la Col. San Rafael. El Sr. Sim\u00f3n Lara fue el primero de una larga lista de fil\u00e1ntropos que han donado para que el Centro M\u00e9dico ABC sea lo que hoy es. El Sr. Lara don\u00f3 el terreno en donde se construye el hospital, lo cual motiva a <strong>The American Benevolent Society<\/strong> a iniciar una campa\u00f1a de recaudaci\u00f3n de fondos para su construcci\u00f3n.<\/span><\/p>\n<p><span class=\"s1\">El 11 de noviembre de 1923 se inaugura el <strong>Sanatorio Cowdray<\/strong>, gracias a la donaci\u00f3n del Sr.\u00a0Weetman Pearson y a su esposa la Sra. Annie Cass, Lord y Lady Cowdray. Este Sanatorio estaba ubicado en\u00a0Calzada Nueva de Chapultepec a Tacubaya que hoy se llama Av. Mariano Escobedo y donde actualmente se encuentra el Hotel Camino Real).\u00a0<\/span><span class=\"s1\">A este Sanatorio se le conocer\u00eda como <strong>Hospital Ingl\u00e9s<\/strong>, por la nacionalidad de Lady y Lord Cowdray.<\/span><\/p>\n<p class=\"p2\"><span class=\"s1\">Hace 80 a\u00f1os, se fusionan estos dos sanatorios creados con la intenci\u00f3n de ayudar a los m\u00e1s vulnerables dando inicio a\u00a0<strong>The American British Cowdray Hospital<\/strong>, instituci\u00f3n de asistencia privada (IAP), el 27 de febrero de 1941. A partir de entonces se conoce como <strong>Hospital ABC<\/strong>.<\/span><\/p>\n[\/vc_column_text][divider line_type=&#8221;No Line&#8221; custom_height=&#8221;20&#8243;][\/vc_column_inner][vc_column_inner column_padding=&#8221;padding-3-percent&#8221; column_padding_tablet=&#8221;inherit&#8221; column_padding_phone=&#8221;inherit&#8221; column_padding_position=&#8221;top-bottom&#8221; background_color_opacity=&#8221;1&#8243; background_hover_color_opacity=&#8221;1&#8243; column_shadow=&#8221;none&#8221; column_border_radius=&#8221;none&#8221; column_link_target=&#8221;_self&#8221; gradient_direction=&#8221;left_to_right&#8221; overlay_strength=&#8221;0.3&#8243; width=&#8221;1\/2&#8243; tablet_width_inherit=&#8221;default&#8221; column_border_width=&#8221;none&#8221; column_border_style=&#8221;solid&#8221; bg_image_animation=&#8221;none&#8221;][vc_column_text css=&#8221;.vc_custom_1614040758465{padding-right: 10% !important;}&#8221;]\n<p class=\"p2\"><span class=\"s1\">En el a\u00f1o de 1952 se crea la Asociaci\u00f3n M\u00e9dica del Centro M\u00e9dico ABC en respuesta a la necesidad de contar con asesor\u00eda m\u00e9dica especializada.<\/span><\/p>\n<p class=\"p2\"><span class=\"s1\">El 30 de noviembre de 1964 se mudan a lo que hoy se conoce como Campus Observatorio, en Av. Observatorio.<\/span><\/p>\n<p class=\"p2\"><span class=\"s1\">Desde hace 68 a\u00f1os el Grupo de Damas Voluntarias que en forma altruista apoyan a diversas \u00e1reas de la Instituci\u00f3n.<\/span><\/p>\n<p>El Hospital ABC se convierte en 2003 en el Centro M\u00e9dico ABC al contar con todas las especialidades m\u00e9dicas.<\/p>\n<p>El Campus Santa Fe, unidad hospitalaria que complementa los servicios que se brindan en el Campus Observatorio, se inaugura en 2004.[\/vc_column_text][\/vc_column_inner][\/vc_row_inner][vc_row_inner column_margin=&#8221;default&#8221; column_direction=&#8221;default&#8221; column_direction_tablet=&#8221;default&#8221; column_direction_phone=&#8221;default&#8221; text_align=&#8221;left&#8221;][vc_column_inner column_padding=&#8221;no-extra-padding&#8221; column_padding_tablet=&#8221;inherit&#8221; column_padding_phone=&#8221;inherit&#8221; column_padding_position=&#8221;all&#8221; background_color_opacity=&#8221;1&#8243; background_hover_color_opacity=&#8221;1&#8243; column_shadow=&#8221;none&#8221; column_border_radius=&#8221;none&#8221; column_link_target=&#8221;_self&#8221; gradient_direction=&#8221;left_to_right&#8221; overlay_strength=&#8221;0.3&#8243; width=&#8221;1\/2&#8243; tablet_width_inherit=&#8221;default&#8221; column_border_width=&#8221;none&#8221; column_border_style=&#8221;solid&#8221; bg_image_animation=&#8221;none&#8221;][nectar_gradient_text heading_tag=&#8221;h3&#8243; color=&#8221;extra-color-gradient-2&#8243; gradient_direction=&#8221;diagonal&#8221; text=&#8221;The American British Cowdray Hospital, I.A.P.&#8221;][vc_column_text]\n<p class=\"p1\"><span class=\"s1\">El <strong>Centro M\u00e9dico ABC<\/strong> no tiene due\u00f1o, es\u00a0<\/span><span class=\"s2\">gobernado por un Patronato y con sus excedentes financieros atiende a <strong>comunidades econ\u00f3micamente vulnerables<\/strong><\/span><span class=\"s1\"> a trav\u00e9s de programas de <strong>prevenci\u00f3n de enfermedades<\/strong> y de <strong>cirug\u00edas y tratamientos de alta especialidad<\/strong>.<\/span><\/p>\n[\/vc_column_text][divider line_type=&#8221;No Line&#8221; custom_height=&#8221;20&#8243;][vc_column_text css=&#8221;.vc_custom_1614035242094{margin-bottom: 18px !important;}&#8221;]\n<h5>Misi\u00f3n<\/h5>\n[\/vc_column_text][vc_column_text]Cuidar la salud y seguridad de nuestros pacientes a trav\u00e9s de las mejores pr\u00e1cticas.[\/vc_column_text][divider line_type=&#8221;No Line&#8221; custom_height=&#8221;20&#8243;][vc_column_text css=&#8221;.vc_custom_1614036451904{margin-bottom: 18px !important;}&#8221;]\n<h5>Visi\u00f3n<\/h5>\n[\/vc_column_text][vc_column_text]\n<p class=\"p1\"><span class=\"s1\">Ser l\u00edder en la transformaci\u00f3n del cuidado de la salud en M\u00e9xico. <\/span><\/p>\n[\/vc_column_text][divider line_type=&#8221;No Line&#8221; custom_height=&#8221;20&#8243;][divider line_type=&#8221;No Line&#8221; custom_height=&#8221;20&#8243;][divider line_type=&#8221;No Line&#8221; custom_height=&#8221;20&#8243;][fancy_box box_style=&#8221;default&#8221; icon_family=&#8221;none&#8221; color=&#8221;extra-color-1&#8243; color_custom=&#8221;#1e73be&#8221; border_radius=&#8221;default&#8221; image_loading=&#8221;default&#8221; link_text=&#8221;C\u00f3mo donar.&#8221; link_url=&#8221;https:\/\/centromedicoabc.com\/mi-salud-en-casa\/quienes-somos\/dona-aqui\/&#8221;]\n<h3>Fundaci\u00f3n ABC, I.A.P.<\/h3>\n<p>&nbsp;<\/p>\n<p>Es una instituci\u00f3n de asistencia privada, sin fines de lucro que tiene como misi\u00f3n atraer recursos que apoyan los proyectos estrat\u00e9gicos institucionales y de otras organizaciones sin fines de lucro.<\/p>\n<p>Se encarga de transmitir la esencia del Centro M\u00e9dico\u00a0<span class=\"term-highlighted\">ABC, y la da a conocer\u00a0<\/span>como una instituci\u00f3n incluyente, preocupada por dar acceso en salud a la poblaci\u00f3n que m\u00e1s lo necesita.<\/p>\n<p>Tambi\u00e9n se encarga de crear y mantener alianzas con socios estrat\u00e9gicos como fil\u00e1ntropos, voluntarios, instituciones gubernamentales, organizaciones de la sociedad civil, empresas, instituciones internacionales y otros instituciones de salud afines a la misi\u00f3n del Centro M\u00e9dico ABC.[\/fancy_box][\/vc_column_inner][vc_column_inner column_padding=&#8221;no-extra-padding&#8221; column_padding_tablet=&#8221;inherit&#8221; column_padding_phone=&#8221;inherit&#8221; column_padding_position=&#8221;all&#8221; background_color_opacity=&#8221;1&#8243; background_hover_color_opacity=&#8221;1&#8243; column_shadow=&#8221;none&#8221; column_border_radius=&#8221;none&#8221; column_link_target=&#8221;_self&#8221; gradient_direction=&#8221;left_to_right&#8221; overlay_strength=&#8221;0.3&#8243; width=&#8221;1\/2&#8243; tablet_width_inherit=&#8221;default&#8221; column_border_width=&#8221;none&#8221; column_border_style=&#8221;solid&#8221; bg_image_animation=&#8221;none&#8221;][vc_column_text css=&#8221;.vc_custom_1614035673255{margin-bottom: 18px !important;}&#8221;]\n<h5>Valores<\/h5>\n[\/vc_column_text]<div class=\"nectar-fancy-ul\" data-list-icon=\"icon-salient-thin-line\" data-animation=\"true\" data-animation-delay=\"0\" data-color=\"extra-color-3\" data-spacing=\"default\" data-alignment=\"left\"> \n<ul>\n<li>Calidez<\/li>\n<li>Uni\u00f3n<\/li>\n<li>Integridad<\/li>\n<li>Disciplina<\/li>\n<li>Actitud de Servicio<\/li>\n<li>Responsabilidad<\/li>\n<\/ul>\n <\/div>[nectar_highlighted_text color_type=&#8221;regular&#8221; style=&#8221;full_text&#8221;]\n<h3><span style=\"color: #0000ff; font-size: 18pt;\">Impacto social<\/span><\/h3>\n[\/nectar_highlighted_text][vc_column_text css=&#8221;.vc_custom_1614037152323{margin-bottom: 18px !important;}&#8221;]\n<h5>Programas de Salud Incluyente<\/h5>\n[\/vc_column_text]<div class=\"nectar-fancy-ul\" data-list-icon=\"icon-salient-thin-line\" data-animation=\"true\" data-animation-delay=\"0\" data-color=\"extra-color-3\" data-spacing=\"default\" data-alignment=\"left\"> \n<ul>\n<li><span style=\"color: #999999;\">Ni\u00f1os con c\u00e1ncer<\/span><\/li>\n<li><span style=\"color: #999999;\">Malformaciones del coraz\u00f3n<\/span><\/li>\n<li><span style=\"color: #999999;\">Labio y paladar hendido<\/span><\/li>\n<li><span style=\"color: #999999;\">Salud materna e infantil<\/span><\/li>\n<li><span style=\"color: #999999;\">Cirug\u00edas de alta especialidad (nefrotrasplantes, epilepsia, Parkinson, remplazos articulares y bariatr\u00eda)<\/span><\/li>\n<li><span style=\"color: #999999;\">Cl\u00ednicas Comunitarias Brimex y Amistad<\/span><\/li>\n<li><span style=\"color: #999999;\">Investigaci\u00f3n y ense\u00f1anza<\/span><\/li>\n<\/ul>\n <\/div>[vc_column_text]<span style=\"color: rgba(0,0,0,0.45);\">Contribuimos a <span style=\"color: #3366ff;\"><strong>mejorar el acceso a la salud<\/strong><\/span> de manera incluyente.<\/span>[\/vc_column_text][divider line_type=&#8221;No Line&#8221; custom_height=&#8221;20&#8243;][vc_column_text css=&#8221;.vc_custom_1614041469936{margin-bottom: 10px !important;}&#8221;]\n<h4>Valor Social<\/h4>\n[\/vc_column_text][vc_column_text]Nuestro trabajo persigue la creaci\u00f3n de <strong>valor social para M\u00e9xico <\/strong>y se basa en <strong>tres ejes fundamentales<\/strong>.[\/vc_column_text][nectar_cta btn_style=&#8221;arrow-animation&#8221; heading_tag=&#8221;h5&#8243; text_color=&#8221;#ff2d2d&#8221; button_color=&#8221;default&#8221; link_type=&#8221;regular&#8221; alignment=&#8221;left&#8221; display=&#8221;block&#8221; link_text=&#8221;Cont\u00e1ctanos&#8221; url=&#8221;mailto:mailto:fundacionabc@abchospital.com&#8221; margin_top=&#8221;10&#8243;][vc_column_text css=&#8221;.vc_custom_1614041567088{margin-bottom: 10px !important;}&#8221;]\n<h4>Ejes fundamentales<\/h4>\n[\/vc_column_text][vc_column_text]\n<ul>\n<li class=\"p1\"><span class=\"s1\">Eficacia en los resultados.<\/span><\/li>\n<li class=\"p1\"><span class=\"s1\">Sostenibilidad a largo plazo.<\/span><\/li>\n<li class=\"p1\"><span class=\"s1\">Transparencia con rendici\u00f3n de cuentas.<\/span><\/li>\n<\/ul>\n<p>&nbsp;[\/vc_column_text][nectar_highlighted_text color_type=&#8221;regular&#8221; style=&#8221;full_text&#8221;]\n<h5>Invertimos en la ense\u00f1anza y en investigaci\u00f3n para avanzar el conocimiento m\u00e9dico y cl\u00ednico.<\/h5>\n[\/nectar_highlighted_text]<div class=\"nectar-fancy-ul\" data-list-icon=\"icon-salient-thin-line\" data-animation=\"false\" data-animation-delay=\"0\" data-color=\"accent-color\" data-spacing=\"default\" data-alignment=\"left\"> \n<ul>\n<li>Inversi\u00f3n en la m\u00e1s alta tecnolog\u00eda y mejora continua del hospital para ofrecer el mejor cuidado de tu salud.<\/li>\n<li><\/li>\n<li>Formamos a los futuros m\u00e9dicos en los mejores procesos y protocolos de calidad m\u00e9dica.<\/li>\n<li><\/li>\n<li>Desarrollamos las mejores t\u00e9cnicas y una cultura m\u00e9dica integral (colaborativa), que es compartida con instituciones p\u00fablicas y privadas.<\/li>\n<\/ul>\n <\/div>[\/vc_column_inner][\/vc_row_inner][\/vc_column][\/vc_row]\n","protected":false},"excerpt":{"rendered":"<p>[vc_row type=&#8221;full_width_background&#8221; full_screen_row_position=&#8221;middle&#8221; column_margin=&#8221;default&#8221; column_direction=&#8221;default&#8221; column_direction_tablet=&#8221;default&#8221; column_direction_phone=&#8221;default&#8221; bg_color=&#8221;#ffffff&#8221; scene_position=&#8221;center&#8221; top_padding=&#8221;10%&#8221; bottom_padding=&#8221;10%&#8221; text_color=&#8221;dark&#8221; text_align=&#8221;left&#8221; row_border_radius=&#8221;none&#8221; row_border_radius_applies=&#8221;bg&#8221; overlay_strength=&#8221;1&#8243; gradient_direction=&#8221;left_to_right&#8221; shape_divider_position=&#8221;bottom&#8221; bg_image_animation=&#8221;none&#8221;][vc_column column_padding=&#8221;no-extra-padding&#8221; column_padding_tablet=&#8221;inherit&#8221; column_padding_phone=&#8221;inherit&#8221; column_padding_position=&#8221;all&#8221; background_color_opacity=&#8221;1&#8243; background_hover_color_opacity=&#8221;1&#8243; column_shadow=&#8221;none&#8221; column_border_radius=&#8221;none&#8221; column_link_target=&#8221;_self&#8221; gradient_direction=&#8221;left_to_right&#8221; overlay_strength=&#8221;0.3&#8243;&#8230;<\/p>\n","protected":false},"author":4,"featured_media":0,"parent":0,"menu_order":0,"comment_status":"closed","ping_status":"closed","template":"","meta":{"footnotes":""},"class_list":["post-22","page","type-page","status-publish"],"yoast_head":"<!-- This site is optimized with the Yoast SEO plugin v26.2 - https:\/\/yoast.com\/wordpress\/plugins\/seo\/ -->\n<title>Quienes Somos - Mi Salud En Casa<\/title>\n<meta name=\"robots\" content=\"index, follow, max-snippet:-1, max-image-preview:large, max-video-preview:-1\" \/>\n<link rel=\"canonical\" href=\"https:\/\/centromedicoabc.com\/mi-salud-en-casa\/quienes-somos\/\" \/>\n<meta property=\"og:locale\" content=\"es_MX\" \/>\n<meta property=\"og:type\" content=\"article\" \/>\n<meta property=\"og:title\" content=\"Quienes Somos - Mi Salud En Casa\" \/>\n<meta property=\"og:description\" content=\"[vc_row type=&#8221;full_width_background&#8221; full_screen_row_position=&#8221;middle&#8221; column_margin=&#8221;default&#8221; column_direction=&#8221;default&#8221; column_direction_tablet=&#8221;default&#8221; column_direction_phone=&#8221;default&#8221; bg_color=&#8221;#ffffff&#8221; scene_position=&#8221;center&#8221; top_padding=&#8221;10%&#8221; bottom_padding=&#8221;10%&#8221; text_color=&#8221;dark&#8221; text_align=&#8221;left&#8221; row_border_radius=&#8221;none&#8221; row_border_radius_applies=&#8221;bg&#8221; overlay_strength=&#8221;1&#8243; gradient_direction=&#8221;left_to_right&#8221; shape_divider_position=&#8221;bottom&#8221; bg_image_animation=&#8221;none&#8221;][vc_column column_padding=&#8221;no-extra-padding&#8221; column_padding_tablet=&#8221;inherit&#8221; column_padding_phone=&#8221;inherit&#8221; column_padding_position=&#8221;all&#8221; background_color_opacity=&#8221;1&#8243; background_hover_color_opacity=&#8221;1&#8243; column_shadow=&#8221;none&#8221; column_border_radius=&#8221;none&#8221; column_link_target=&#8221;_self&#8221; gradient_direction=&#8221;left_to_right&#8221; overlay_strength=&#8221;0.3&#8243;...\" \/>\n<meta property=\"og:url\" content=\"https:\/\/centromedicoabc.com\/mi-salud-en-casa\/quienes-somos\/\" \/>\n<meta property=\"og:site_name\" content=\"Mi Salud En Casa\" \/>\n<meta property=\"article:modified_time\" content=\"2025-09-08T15:17:25+00:00\" \/>\n<meta name=\"twitter:card\" content=\"summary_large_image\" \/>\n<meta name=\"twitter:label1\" content=\"Tiempo de lectura\" \/>\n\t<meta name=\"twitter:data1\" content=\"8 minutos\" \/>\n<script type=\"application\/ld+json\" class=\"yoast-schema-graph\">{\"@context\":\"https:\/\/schema.org\",\"@graph\":[{\"@type\":\"WebPage\",\"@id\":\"https:\/\/centromedicoabc.com\/mi-salud-en-casa\/quienes-somos\/\",\"url\":\"https:\/\/centromedicoabc.com\/mi-salud-en-casa\/quienes-somos\/\",\"name\":\"Quienes Somos - Mi Salud En Casa\",\"isPartOf\":{\"@id\":\"https:\/\/centromedicoabc.com\/mi-salud-en-casa\/#website\"},\"datePublished\":\"2021-02-07T17:47:05+00:00\",\"dateModified\":\"2025-09-08T15:17:25+00:00\",\"breadcrumb\":{\"@id\":\"https:\/\/centromedicoabc.com\/mi-salud-en-casa\/quienes-somos\/#breadcrumb\"},\"inLanguage\":\"es\",\"potentialAction\":[{\"@type\":\"ReadAction\",\"target\":[\"https:\/\/centromedicoabc.com\/mi-salud-en-casa\/quienes-somos\/\"]}]},{\"@type\":\"BreadcrumbList\",\"@id\":\"https:\/\/centromedicoabc.com\/mi-salud-en-casa\/quienes-somos\/#breadcrumb\",\"itemListElement\":[{\"@type\":\"ListItem\",\"position\":1,\"name\":\"Inicio\",\"item\":\"https:\/\/centromedicoabc.com\/mi-salud-en-casa\/\"},{\"@type\":\"ListItem\",\"position\":2,\"name\":\"Quienes Somos\"}]},{\"@type\":\"WebSite\",\"@id\":\"https:\/\/centromedicoabc.com\/mi-salud-en-casa\/#website\",\"url\":\"https:\/\/centromedicoabc.com\/mi-salud-en-casa\/\",\"name\":\"Mi Salud En Casa\",\"description\":\"\",\"potentialAction\":[{\"@type\":\"SearchAction\",\"target\":{\"@type\":\"EntryPoint\",\"urlTemplate\":\"https:\/\/centromedicoabc.com\/mi-salud-en-casa\/?s={search_term_string}\"},\"query-input\":{\"@type\":\"PropertyValueSpecification\",\"valueRequired\":true,\"valueName\":\"search_term_string\"}}],\"inLanguage\":\"es\"}]}<\/script>\n<!-- \/ Yoast SEO plugin. -->","yoast_head_json":{"title":"Quienes Somos - Mi Salud En Casa","robots":{"index":"index","follow":"follow","max-snippet":"max-snippet:-1","max-image-preview":"max-image-preview:large","max-video-preview":"max-video-preview:-1"},"canonical":"https:\/\/centromedicoabc.com\/mi-salud-en-casa\/quienes-somos\/","og_locale":"es_MX","og_type":"article","og_title":"Quienes Somos - Mi Salud En Casa","og_description":"[vc_row type=&#8221;full_width_background&#8221; full_screen_row_position=&#8221;middle&#8221; column_margin=&#8221;default&#8221; column_direction=&#8221;default&#8221; column_direction_tablet=&#8221;default&#8221; column_direction_phone=&#8221;default&#8221; bg_color=&#8221;#ffffff&#8221; scene_position=&#8221;center&#8221; top_padding=&#8221;10%&#8221; bottom_padding=&#8221;10%&#8221; text_color=&#8221;dark&#8221; text_align=&#8221;left&#8221; row_border_radius=&#8221;none&#8221; row_border_radius_applies=&#8221;bg&#8221; overlay_strength=&#8221;1&#8243; gradient_direction=&#8221;left_to_right&#8221; shape_divider_position=&#8221;bottom&#8221; bg_image_animation=&#8221;none&#8221;][vc_column column_padding=&#8221;no-extra-padding&#8221; column_padding_tablet=&#8221;inherit&#8221; column_padding_phone=&#8221;inherit&#8221; column_padding_position=&#8221;all&#8221; background_color_opacity=&#8221;1&#8243; background_hover_color_opacity=&#8221;1&#8243; column_shadow=&#8221;none&#8221; column_border_radius=&#8221;none&#8221; column_link_target=&#8221;_self&#8221; gradient_direction=&#8221;left_to_right&#8221; overlay_strength=&#8221;0.3&#8243;...","og_url":"https:\/\/centromedicoabc.com\/mi-salud-en-casa\/quienes-somos\/","og_site_name":"Mi Salud En Casa","article_modified_time":"2025-09-08T15:17:25+00:00","twitter_card":"summary_large_image","twitter_misc":{"Tiempo de lectura":"8 minutos"},"schema":{"@context":"https:\/\/schema.org","@graph":[{"@type":"WebPage","@id":"https:\/\/centromedicoabc.com\/mi-salud-en-casa\/quienes-somos\/","url":"https:\/\/centromedicoabc.com\/mi-salud-en-casa\/quienes-somos\/","name":"Quienes Somos - Mi Salud En Casa","isPartOf":{"@id":"https:\/\/centromedicoabc.com\/mi-salud-en-casa\/#website"},"datePublished":"2021-02-07T17:47:05+00:00","dateModified":"2025-09-08T15:17:25+00:00","breadcrumb":{"@id":"https:\/\/centromedicoabc.com\/mi-salud-en-casa\/quienes-somos\/#breadcrumb"},"inLanguage":"es","potentialAction":[{"@type":"ReadAction","target":["https:\/\/centromedicoabc.com\/mi-salud-en-casa\/quienes-somos\/"]}]},{"@type":"BreadcrumbList","@id":"https:\/\/centromedicoabc.com\/mi-salud-en-casa\/quienes-somos\/#breadcrumb","itemListElement":[{"@type":"ListItem","position":1,"name":"Inicio","item":"https:\/\/centromedicoabc.com\/mi-salud-en-casa\/"},{"@type":"ListItem","position":2,"name":"Quienes Somos"}]},{"@type":"WebSite","@id":"https:\/\/centromedicoabc.com\/mi-salud-en-casa\/#website","url":"https:\/\/centromedicoabc.com\/mi-salud-en-casa\/","name":"Mi Salud En Casa","description":"","potentialAction":[{"@type":"SearchAction","target":{"@type":"EntryPoint","urlTemplate":"https:\/\/centromedicoabc.com\/mi-salud-en-casa\/?s={search_term_string}"},"query-input":{"@type":"PropertyValueSpecification","valueRequired":true,"valueName":"search_term_string"}}],"inLanguage":"es"}]}},"_links":{"self":[{"href":"https:\/\/centromedicoabc.com\/mi-salud-en-casa\/wp-json\/wp\/v2\/pages\/22","targetHints":{"allow":["GET"]}}],"collection":[{"href":"https:\/\/centromedicoabc.com\/mi-salud-en-casa\/wp-json\/wp\/v2\/pages"}],"about":[{"href":"https:\/\/centromedicoabc.com\/mi-salud-en-casa\/wp-json\/wp\/v2\/types\/page"}],"author":[{"embeddable":true,"href":"https:\/\/centromedicoabc.com\/mi-salud-en-casa\/wp-json\/wp\/v2\/users\/4"}],"replies":[{"embeddable":true,"href":"https:\/\/centromedicoabc.com\/mi-salud-en-casa\/wp-json\/wp\/v2\/comments?post=22"}],"version-history":[{"count":84,"href":"https:\/\/centromedicoabc.com\/mi-salud-en-casa\/wp-json\/wp\/v2\/pages\/22\/revisions"}],"predecessor-version":[{"id":899,"href":"https:\/\/centromedicoabc.com\/mi-salud-en-casa\/wp-json\/wp\/v2\/pages\/22\/revisions\/899"}],"wp:attachment":[{"href":"https:\/\/centromedicoabc.com\/mi-salud-en-casa\/wp-json\/wp\/v2\/media?parent=22"}],"curies":[{"name":"wp","href":"https:\/\/api.w.org\/{rel}","templated":true}]}}