{"id":387,"date":"2021-02-23T04:39:35","date_gmt":"2021-02-23T04:39:35","guid":{"rendered":"https:\/\/centromedicoabc.com\/mi-salud-en-casa\/?page_id=387"},"modified":"2024-07-16T17:25:47","modified_gmt":"2024-07-16T23:25:47","slug":"covid-19-clinical-management-living-guidance-25-january-2021","status":"publish","type":"page","link":"https:\/\/centromedicoabc.com\/mi-salud-en-casa\/biblioteca\/personal-de-salud\/tratamiento-farmacos\/covid-19-clinical-management-living-guidance-25-january-2021\/","title":{"rendered":"COVID-19 Clinical management  Living guidance 25 January 2021"},"content":{"rendered":"[vc_row type=&#8221;in_container&#8221; full_screen_row_position=&#8221;middle&#8221; column_margin=&#8221;default&#8221; column_direction=&#8221;default&#8221; column_direction_tablet=&#8221;default&#8221; column_direction_phone=&#8221;default&#8221; scene_position=&#8221;center&#8221; text_color=&#8221;dark&#8221; text_align=&#8221;left&#8221; row_border_radius=&#8221;none&#8221; row_border_radius_applies=&#8221;bg&#8221; overlay_strength=&#8221;0.3&#8243; gradient_direction=&#8221;left_to_right&#8221; shape_divider_position=&#8221;bottom&#8221; bg_image_animation=&#8221;none&#8221;][vc_column column_padding=&#8221;no-extra-padding&#8221; column_padding_tablet=&#8221;inherit&#8221; column_padding_phone=&#8221;inherit&#8221; column_padding_position=&#8221;all&#8221; background_color_opacity=&#8221;1&#8243; background_hover_color_opacity=&#8221;1&#8243; column_shadow=&#8221;none&#8221; column_border_radius=&#8221;none&#8221; column_link_target=&#8221;_self&#8221; gradient_direction=&#8221;left_to_right&#8221; overlay_strength=&#8221;0.3&#8243; width=&#8221;1\/1&#8243; tablet_width_inherit=&#8221;default&#8221; tablet_text_alignment=&#8221;default&#8221; phone_text_alignment=&#8221;default&#8221; column_border_width=&#8221;none&#8221; column_border_style=&#8221;solid&#8221; bg_image_animation=&#8221;none&#8221;][vc_column_text css=&#8221;.vc_custom_1719856286557{margin-bottom: 1.25rem !important;}&#8221;]\n<h1>COVID-19<br \/>\nClinical management<\/h1>\n<h2 class=\"h1\">Living guidance<br \/>\n25 January 2021<\/h2>\n[\/vc_column_text][vc_column_text]<a href=\"https:\/\/centromedicoabc.com\/mi-salud-en-casa\/wp-content\/uploads\/2021\/02\/WHO-2019-nCoV-clinical-2021.1-eng.pdf\" class=\"pdfemb-viewer\" style=\"\" data-width=\"max\" data-height=\"max\" data-mobile-width=\"500\"  data-scrollbar=\"none\" data-download=\"on\" data-tracking=\"on\" data-newwindow=\"on\" data-pagetextbox=\"off\" data-scrolltotop=\"off\" data-startzoom=\"100\" data-startfpzoom=\"100\" data-toolbar=\"bottom\" data-toolbar-fixed=\"off\">WHO-2019-nCoV-clinical-2021.1-eng<br\/><\/a>[\/vc_column_text][\/vc_column][\/vc_row]\n","protected":false},"excerpt":{"rendered":"<p>[vc_row type=&#8221;in_container&#8221; full_screen_row_position=&#8221;middle&#8221; column_margin=&#8221;default&#8221; column_direction=&#8221;default&#8221; column_direction_tablet=&#8221;default&#8221; column_direction_phone=&#8221;default&#8221; scene_position=&#8221;center&#8221; text_color=&#8221;dark&#8221; text_align=&#8221;left&#8221; row_border_radius=&#8221;none&#8221; row_border_radius_applies=&#8221;bg&#8221; overlay_strength=&#8221;0.3&#8243; gradient_direction=&#8221;left_to_right&#8221; shape_divider_position=&#8221;bottom&#8221; bg_image_animation=&#8221;none&#8221;][vc_column column_padding=&#8221;no-extra-padding&#8221; column_padding_tablet=&#8221;inherit&#8221; column_padding_phone=&#8221;inherit&#8221; column_padding_position=&#8221;all&#8221; background_color_opacity=&#8221;1&#8243; background_hover_color_opacity=&#8221;1&#8243; column_shadow=&#8221;none&#8221; column_border_radius=&#8221;none&#8221; column_link_target=&#8221;_self&#8221; gradient_direction=&#8221;left_to_right&#8221; overlay_strength=&#8221;0.3&#8243; width=&#8221;1\/1&#8243; tablet_width_inherit=&#8221;default&#8221; tablet_text_alignment=&#8221;default&#8221;&#8230;<\/p>\n","protected":false},"author":4,"featured_media":0,"parent":185,"menu_order":0,"comment_status":"closed","ping_status":"closed","template":"","meta":{"footnotes":""},"class_list":["post-387","page","type-page","status-publish"],"yoast_head":"<!-- This site is optimized with the Yoast SEO plugin v26.2 - https:\/\/yoast.com\/wordpress\/plugins\/seo\/ -->\n<title>COVID-19 Clinical management Living guidance 25 January 2021<\/title>\n<meta name=\"description\" content=\"Gu\u00eda de manejo cl\u00ednico del COVID-19 en Mi Salud En Casa. Accede a la informaci\u00f3n actualizada para profesionales de la salud.\" \/>\n<meta name=\"robots\" content=\"index, follow, max-snippet:-1, max-image-preview:large, max-video-preview:-1\" \/>\n<link rel=\"canonical\" href=\"https:\/\/centromedicoabc.com\/mi-salud-en-casa\/biblioteca\/personal-de-salud\/tratamiento-farmacos\/covid-19-clinical-management-living-guidance-25-january-2021\/\" \/>\n<meta property=\"og:locale\" content=\"es_MX\" \/>\n<meta property=\"og:type\" content=\"article\" \/>\n<meta property=\"og:title\" content=\"COVID-19 Clinical management Living guidance 25 January 2021\" \/>\n<meta property=\"og:description\" content=\"Gu\u00eda de manejo cl\u00ednico del COVID-19 en Mi Salud En Casa. Accede a la informaci\u00f3n actualizada para profesionales de la salud.\" \/>\n<meta property=\"og:url\" content=\"https:\/\/centromedicoabc.com\/mi-salud-en-casa\/biblioteca\/personal-de-salud\/tratamiento-farmacos\/covid-19-clinical-management-living-guidance-25-january-2021\/\" \/>\n<meta property=\"og:site_name\" content=\"Mi Salud En Casa\" \/>\n<meta property=\"article:modified_time\" content=\"2024-07-16T23:25:47+00:00\" \/>\n<meta name=\"twitter:card\" content=\"summary_large_image\" \/>\n<meta name=\"twitter:label1\" content=\"Tiempo de lectura\" \/>\n\t<meta name=\"twitter:data1\" content=\"1 minuto\" \/>\n<script type=\"application\/ld+json\" class=\"yoast-schema-graph\">{\"@context\":\"https:\/\/schema.org\",\"@graph\":[{\"@type\":\"WebPage\",\"@id\":\"https:\/\/centromedicoabc.com\/mi-salud-en-casa\/biblioteca\/personal-de-salud\/tratamiento-farmacos\/covid-19-clinical-management-living-guidance-25-january-2021\/\",\"url\":\"https:\/\/centromedicoabc.com\/mi-salud-en-casa\/biblioteca\/personal-de-salud\/tratamiento-farmacos\/covid-19-clinical-management-living-guidance-25-january-2021\/\",\"name\":\"COVID-19 Clinical management Living guidance 25 January 2021\",\"isPartOf\":{\"@id\":\"https:\/\/centromedicoabc.com\/mi-salud-en-casa\/#website\"},\"datePublished\":\"2021-02-23T04:39:35+00:00\",\"dateModified\":\"2024-07-16T23:25:47+00:00\",\"description\":\"Gu\u00eda de manejo cl\u00ednico del COVID-19 en Mi Salud En Casa. Accede a la informaci\u00f3n actualizada para profesionales de la salud.\",\"breadcrumb\":{\"@id\":\"https:\/\/centromedicoabc.com\/mi-salud-en-casa\/biblioteca\/personal-de-salud\/tratamiento-farmacos\/covid-19-clinical-management-living-guidance-25-january-2021\/#breadcrumb\"},\"inLanguage\":\"es\",\"potentialAction\":[{\"@type\":\"ReadAction\",\"target\":[\"https:\/\/centromedicoabc.com\/mi-salud-en-casa\/biblioteca\/personal-de-salud\/tratamiento-farmacos\/covid-19-clinical-management-living-guidance-25-january-2021\/\"]}]},{\"@type\":\"BreadcrumbList\",\"@id\":\"https:\/\/centromedicoabc.com\/mi-salud-en-casa\/biblioteca\/personal-de-salud\/tratamiento-farmacos\/covid-19-clinical-management-living-guidance-25-january-2021\/#breadcrumb\",\"itemListElement\":[{\"@type\":\"ListItem\",\"position\":1,\"name\":\"Inicio\",\"item\":\"https:\/\/centromedicoabc.com\/mi-salud-en-casa\/\"},{\"@type\":\"ListItem\",\"position\":2,\"name\":\"Biblioteca\",\"item\":\"https:\/\/centromedicoabc.com\/mi-salud-en-casa\/biblioteca\/\"},{\"@type\":\"ListItem\",\"position\":3,\"name\":\"Personal de Salud\",\"item\":\"https:\/\/centromedicoabc.com\/mi-salud-en-casa\/biblioteca\/personal-de-salud\/\"},{\"@type\":\"ListItem\",\"position\":4,\"name\":\"Tratamiento-Farmacos\",\"item\":\"https:\/\/centromedicoabc.com\/mi-salud-en-casa\/biblioteca\/personal-de-salud\/tratamiento-farmacos\/\"},{\"@type\":\"ListItem\",\"position\":5,\"name\":\"COVID-19 Clinical management Living guidance 25 January 2021\"}]},{\"@type\":\"WebSite\",\"@id\":\"https:\/\/centromedicoabc.com\/mi-salud-en-casa\/#website\",\"url\":\"https:\/\/centromedicoabc.com\/mi-salud-en-casa\/\",\"name\":\"Mi Salud En Casa\",\"description\":\"\",\"potentialAction\":[{\"@type\":\"SearchAction\",\"target\":{\"@type\":\"EntryPoint\",\"urlTemplate\":\"https:\/\/centromedicoabc.com\/mi-salud-en-casa\/?s={search_term_string}\"},\"query-input\":{\"@type\":\"PropertyValueSpecification\",\"valueRequired\":true,\"valueName\":\"search_term_string\"}}],\"inLanguage\":\"es\"}]}<\/script>\n<!-- \/ Yoast SEO plugin. -->","yoast_head_json":{"title":"COVID-19 Clinical management Living guidance 25 January 2021","description":"Gu\u00eda de manejo cl\u00ednico del COVID-19 en Mi Salud En Casa. Accede a la informaci\u00f3n actualizada para profesionales de la salud.","robots":{"index":"index","follow":"follow","max-snippet":"max-snippet:-1","max-image-preview":"max-image-preview:large","max-video-preview":"max-video-preview:-1"},"canonical":"https:\/\/centromedicoabc.com\/mi-salud-en-casa\/biblioteca\/personal-de-salud\/tratamiento-farmacos\/covid-19-clinical-management-living-guidance-25-january-2021\/","og_locale":"es_MX","og_type":"article","og_title":"COVID-19 Clinical management Living guidance 25 January 2021","og_description":"Gu\u00eda de manejo cl\u00ednico del COVID-19 en Mi Salud En Casa. Accede a la informaci\u00f3n actualizada para profesionales de la salud.","og_url":"https:\/\/centromedicoabc.com\/mi-salud-en-casa\/biblioteca\/personal-de-salud\/tratamiento-farmacos\/covid-19-clinical-management-living-guidance-25-january-2021\/","og_site_name":"Mi Salud En Casa","article_modified_time":"2024-07-16T23:25:47+00:00","twitter_card":"summary_large_image","twitter_misc":{"Tiempo de lectura":"1 minuto"},"schema":{"@context":"https:\/\/schema.org","@graph":[{"@type":"WebPage","@id":"https:\/\/centromedicoabc.com\/mi-salud-en-casa\/biblioteca\/personal-de-salud\/tratamiento-farmacos\/covid-19-clinical-management-living-guidance-25-january-2021\/","url":"https:\/\/centromedicoabc.com\/mi-salud-en-casa\/biblioteca\/personal-de-salud\/tratamiento-farmacos\/covid-19-clinical-management-living-guidance-25-january-2021\/","name":"COVID-19 Clinical management Living guidance 25 January 2021","isPartOf":{"@id":"https:\/\/centromedicoabc.com\/mi-salud-en-casa\/#website"},"datePublished":"2021-02-23T04:39:35+00:00","dateModified":"2024-07-16T23:25:47+00:00","description":"Gu\u00eda de manejo cl\u00ednico del COVID-19 en Mi Salud En Casa. Accede a la informaci\u00f3n actualizada para profesionales de la salud.","breadcrumb":{"@id":"https:\/\/centromedicoabc.com\/mi-salud-en-casa\/biblioteca\/personal-de-salud\/tratamiento-farmacos\/covid-19-clinical-management-living-guidance-25-january-2021\/#breadcrumb"},"inLanguage":"es","potentialAction":[{"@type":"ReadAction","target":["https:\/\/centromedicoabc.com\/mi-salud-en-casa\/biblioteca\/personal-de-salud\/tratamiento-farmacos\/covid-19-clinical-management-living-guidance-25-january-2021\/"]}]},{"@type":"BreadcrumbList","@id":"https:\/\/centromedicoabc.com\/mi-salud-en-casa\/biblioteca\/personal-de-salud\/tratamiento-farmacos\/covid-19-clinical-management-living-guidance-25-january-2021\/#breadcrumb","itemListElement":[{"@type":"ListItem","position":1,"name":"Inicio","item":"https:\/\/centromedicoabc.com\/mi-salud-en-casa\/"},{"@type":"ListItem","position":2,"name":"Biblioteca","item":"https:\/\/centromedicoabc.com\/mi-salud-en-casa\/biblioteca\/"},{"@type":"ListItem","position":3,"name":"Personal de Salud","item":"https:\/\/centromedicoabc.com\/mi-salud-en-casa\/biblioteca\/personal-de-salud\/"},{"@type":"ListItem","position":4,"name":"Tratamiento-Farmacos","item":"https:\/\/centromedicoabc.com\/mi-salud-en-casa\/biblioteca\/personal-de-salud\/tratamiento-farmacos\/"},{"@type":"ListItem","position":5,"name":"COVID-19 Clinical management Living guidance 25 January 2021"}]},{"@type":"WebSite","@id":"https:\/\/centromedicoabc.com\/mi-salud-en-casa\/#website","url":"https:\/\/centromedicoabc.com\/mi-salud-en-casa\/","name":"Mi Salud En Casa","description":"","potentialAction":[{"@type":"SearchAction","target":{"@type":"EntryPoint","urlTemplate":"https:\/\/centromedicoabc.com\/mi-salud-en-casa\/?s={search_term_string}"},"query-input":{"@type":"PropertyValueSpecification","valueRequired":true,"valueName":"search_term_string"}}],"inLanguage":"es"}]}},"_links":{"self":[{"href":"https:\/\/centromedicoabc.com\/mi-salud-en-casa\/wp-json\/wp\/v2\/pages\/387","targetHints":{"allow":["GET"]}}],"collection":[{"href":"https:\/\/centromedicoabc.com\/mi-salud-en-casa\/wp-json\/wp\/v2\/pages"}],"about":[{"href":"https:\/\/centromedicoabc.com\/mi-salud-en-casa\/wp-json\/wp\/v2\/types\/page"}],"author":[{"embeddable":true,"href":"https:\/\/centromedicoabc.com\/mi-salud-en-casa\/wp-json\/wp\/v2\/users\/4"}],"replies":[{"embeddable":true,"href":"https:\/\/centromedicoabc.com\/mi-salud-en-casa\/wp-json\/wp\/v2\/comments?post=387"}],"version-history":[{"count":6,"href":"https:\/\/centromedicoabc.com\/mi-salud-en-casa\/wp-json\/wp\/v2\/pages\/387\/revisions"}],"predecessor-version":[{"id":843,"href":"https:\/\/centromedicoabc.com\/mi-salud-en-casa\/wp-json\/wp\/v2\/pages\/387\/revisions\/843"}],"up":[{"embeddable":true,"href":"https:\/\/centromedicoabc.com\/mi-salud-en-casa\/wp-json\/wp\/v2\/pages\/185"}],"wp:attachment":[{"href":"https:\/\/centromedicoabc.com\/mi-salud-en-casa\/wp-json\/wp\/v2\/media?parent=387"}],"curies":[{"name":"wp","href":"https:\/\/api.w.org\/{rel}","templated":true}]}}